{"id":1431,"date":"2020-12-01T11:16:03","date_gmt":"2020-12-01T11:16:03","guid":{"rendered":"https:\/\/www.balticloop.eu\/?page_id=1431"},"modified":"2021-02-07T19:51:41","modified_gmt":"2021-02-07T19:51:41","slug":"news","status":"publish","type":"page","link":"https:\/\/www.balticloop.eu\/index.php\/platform\/fi\/news\/","title":{"rendered":"News"},"content":{"rendered":"<p>[et_pb_section fb_built=&#8221;1&#8243; _builder_version=&#8221;4.0.2&#8243; background_color=&#8221;#0c71c3&#8243; min_height=&#8221;136px&#8221; custom_padding=&#8221;0px||0px|||&#8221;][et_pb_row column_structure=&#8221;1_3,2_3&#8243; _builder_version=&#8221;4.0.2&#8243; use_background_color_gradient=&#8221;on&#8221; background_color_gradient_start=&#8221;#00618e&#8221; background_color_gradient_end=&#8221;#071d9b&#8221; width=&#8221;100%&#8221; custom_padding=&#8221;0px||0px|||&#8221;][et_pb_column type=&#8221;1_3&#8243; _builder_version=&#8221;4.0.2&#8243;][et_pb_image src=&#8221;https:\/\/www.balticloop.eu\/wp-content\/uploads\/2019\/12\/baltic_loop_512.png&#8221; align=&#8221;center&#8221; _builder_version=&#8221;4.0.2&#8243; max_height=&#8221;125px&#8221; custom_margin=&#8221;||||false|false&#8221;][\/et_pb_image][\/et_pb_column][et_pb_column type=&#8221;2_3&#8243; _builder_version=&#8221;4.0.2&#8243;][et_pb_menu menu_id=&#8221;14&#8243; active_link_color=&#8221;#ffffff&#8221; cart_icon_color=&#8221;#ffffff&#8221; search_icon_color=&#8221;#ffffff&#8221; menu_icon_color=&#8221;#ffffff&#8221; _builder_version=&#8221;4.0.2&#8243; menu_font=&#8221;|600|||||||&#8221; menu_font_size=&#8221;22px&#8221; background_color=&#8221;rgba(0,0,0,0)&#8221; background_layout=&#8221;dark&#8221; custom_css_menu_link=&#8221;border-right: 1px solid #000;||padding: 0.5em 1em 0.75em 0;&#8221; border_width_right=&#8221;3px&#8221; border_color_right=&#8221;#000000&#8243;][\/et_pb_menu][\/et_pb_column][\/et_pb_row][et_pb_row column_structure=&#8221;1_3,2_3&#8243; _builder_version=&#8221;4.0.2&#8243; background_color=&#8221;#ffffff&#8221; width=&#8221;100%&#8221; custom_padding=&#8221;0px||0px|||&#8221;][et_pb_column type=&#8221;1_3&#8243; _builder_version=&#8221;4.0.2&#8243;][\/et_pb_column][et_pb_column type=&#8221;2_3&#8243; _builder_version=&#8221;4.0.2&#8243;][et_pb_menu menu_id=&#8221;20&#8243; cart_icon_color=&#8221;#ffffff&#8221; search_icon_color=&#8221;#ffffff&#8221; menu_icon_color=&#8221;#ffffff&#8221; _builder_version=&#8221;4.0.2&#8243; menu_font=&#8221;|700|||||||&#8221; menu_font_size=&#8221;16px&#8221; background_color=&#8221;#e0e0e0&#8243; transform_translate=&#8221;0px|-70px&#8221; transform_translate_linked=&#8221;off&#8221; custom_padding=&#8221;7px||5px||false|false&#8221; custom_css_before=&#8221;content: %22%22;||position: absolute;||height: 0;||width: 0;||top: 0;||left: -3em;||border-right: 1.5em solid #e0e0e0;||border-bottom: 1.5em solid #e0e0e0;||||border-top: 1.5em solid transparent;||border-left: 1.5em solid transparent;&#8221; custom_css_after=&#8221;content: %22%22;||position: absolute;||width:\t100%;||width: calc(100% + 5em);||height: 2em;||background: #fff;||top: 100%;||left: -4em;||transform: skew(-45deg);&#8221; border_color_all=&#8221;rgba(0,0,0,0)&#8221; border_color_right=&#8221;#000000&#8243;][\/et_pb_menu][\/et_pb_column][\/et_pb_row][\/et_pb_section][et_pb_section fb_built=&#8221;1&#8243; module_class=&#8221;blue-link&#8221; _builder_version=&#8221;4.0.2&#8243; custom_padding=&#8221;0px|||||&#8221;][et_pb_row column_structure=&#8221;3_4,1_4&#8243; _builder_version=&#8221;4.7.4&#8243; width=&#8221;95%&#8221; module_alignment=&#8221;center&#8221;][et_pb_column type=&#8221;3_4&#8243; _builder_version=&#8221;4.0.2&#8243;][et_pb_text _builder_version=&#8221;4.7.7&#8243; hover_enabled=&#8221;0&#8243; sticky_enabled=&#8221;0&#8243;]<\/p>\n<div class=\"wp-rss-template-container\" data-wpra-template=\"default\" data-template-ctx=\"eyJzb3VyY2VzIjoiNjgyOSw8c3Bhbj42ODM1LDY4NDMsNjg0OTxcL3NwYW4+In0=\">\n    <div class=\"wp-rss-aggregator wpra-list-template  \" data-page=\"1\">\n    \n    \n<ul class=\"wpra-item-list rss-aggregator wpra-item-list--bullets wpra-item-list--default\"\n    start=\"1\">\n                        <li class=\"wpra-item feed-item \">\n            \n            \n\n    <a  href=\"https:\/\/www.ely-keskus.fi\/fi\/-\/pilottihankkeessa-selvitettiin-miten-liikennev%C3%A4ylien-haitallisia-luontovaikutuksia-voidaan-v%C3%A4hent%C3%A4%C3%A4?redirect=%2Ffi%2Fliikenne%3Fp_p_id%3Dcom_liferay_asset_publisher_web_portlet_AssetPublisherPortlet_INSTANCE_NbhBaJGpdCvF%26p_p_lifecycle%3D2%26p_p_state%3Dnormal%26p_p_mode%3Dview%26p_p_resource_id%3DgetRSS%26p_p_cacheability%3DcacheLevelPage\" target=\"_blank\" rel=\"nofollow\" class=\"\">Pilottihankkeessa selvitettiin, miten liikennev\u00e4ylien haitallisia luontovaikutuksia voidaan v\u00e4hent\u00e4\u00e4<\/a>\n\n\n\n\n<div class=\"wprss-feed-meta\">\n            <span class=\"feed-source\">\n            \n\n                            Ely-keskus.fi\n                    <\/span>\n    \n            <span class=\"feed-date\">\n             2025-05-23\n        <\/span>\n    \n    <\/div>\n\n            \n        <\/li>\n                    <li class=\"wpra-item feed-item \">\n            \n            \n\n    <a  href=\"https:\/\/www.ely-keskus.fi\/fi\/-\/tyytyvaisyys-talvihoitoon-on-selvitetty?redirect=%2Ffi%2Fliikenne%3Fp_p_id%3Dcom_liferay_asset_publisher_web_portlet_AssetPublisherPortlet_INSTANCE_NbhBaJGpdCvF%26p_p_lifecycle%3D2%26p_p_state%3Dnormal%26p_p_mode%3Dview%26p_p_resource_id%3DgetRSS%26p_p_cacheability%3DcacheLevelPage\" target=\"_blank\" rel=\"nofollow\" class=\"\">Tyytyv\u00e4isyys talvihoitoon on selvitetty<\/a>\n\n\n\n\n<div class=\"wprss-feed-meta\">\n            <span class=\"feed-source\">\n            \n\n                            Ely-keskus.fi\n                    <\/span>\n    \n            <span class=\"feed-date\">\n             2025-05-21\n        <\/span>\n    \n    <\/div>\n\n            \n        <\/li>\n                    <li class=\"wpra-item feed-item \">\n            \n            \n\n    <a  href=\"https:\/\/www.ely-keskus.fi\/fi\/-\/mik%C3%A4-on-sis%C3%A4-suomen-elinvoimakeskus-t%C3%A4m%C3%A4-tulevasta-uudistuksesta-tiedet%C3%A4%C3%A4n-nyt-h%C3%A4me-pirkanmaa-?redirect=%2Ffi%2Fliikenne%3Fp_p_id%3Dcom_liferay_asset_publisher_web_portlet_AssetPublisherPortlet_INSTANCE_NbhBaJGpdCvF%26p_p_lifecycle%3D2%26p_p_state%3Dnormal%26p_p_mode%3Dview%26p_p_resource_id%3DgetRSS%26p_p_cacheability%3DcacheLevelPage\" target=\"_blank\" rel=\"nofollow\" class=\"\">Mik\u00e4 on Sis\u00e4-Suomen elinvoimakeskus? T\u00e4m\u00e4 tulevasta uudistuksesta tiedet\u00e4\u00e4n nyt (H\u00e4me, Pirkanmaa)<\/a>\n\n\n\n\n<div class=\"wprss-feed-meta\">\n            <span class=\"feed-source\">\n            \n\n                            Ely-keskus.fi\n                    <\/span>\n    \n            <span class=\"feed-date\">\n             2025-05-14\n        <\/span>\n    \n    <\/div>\n\n            \n        <\/li>\n                    <li class=\"wpra-item feed-item \">\n            \n            \n\n    <a  href=\"https:\/\/finlex.fi\/fi\/laki\/ajantasa\/2022\/20220119\" target=\"_blank\" rel=\"nofollow\" class=\"\">10.2.2022\/119 Valtioneuvoston asetus sis\u00e4asioiden rahastoista ohjelmakaudella 2021\u20132027 (muutos 52\/2025)<\/a>\n\n\n\n\n<div class=\"wprss-feed-meta\">\n            <span class=\"feed-source\">\n            \n\n                            Finlex.fi\n                    <\/span>\n    \n            <span class=\"feed-date\">\n             2025-02-24\n        <\/span>\n    \n    <\/div>\n\n            \n        <\/li>\n                    <li class=\"wpra-item feed-item \">\n            \n            \n\n    <a  href=\"https:\/\/finlex.fi\/fi\/laki\/alkup\/2025\/20250002\" target=\"_blank\" rel=\"nofollow\" class=\"\">2\/2025 Valtioneuvoston asetus\nteollisuuden tuotantoprosessien v\u00e4h\u00e4hiilist\u00e4misen ja energiatehokkuuden edist\u00e4miseen sek\u00e4 ilmastoneutraaliin talouteen siirtymisen edist\u00e4miseen my\u00f6nnett\u00e4v\u00e4st\u00e4 avustuksesta (muutos 42\/2025)<\/a>\n\n\n\n\n<div class=\"wprss-feed-meta\">\n            <span class=\"feed-source\">\n            \n\n                            Finlex.fi\n                    <\/span>\n    \n            <span class=\"feed-date\">\n             2025-02-17\n        <\/span>\n    \n    <\/div>\n\n            \n        <\/li>\n                    <li class=\"wpra-item feed-item \">\n            \n            \n\n    <a  href=\"https:\/\/www.finlex.fi\/fi\/laki\/alkup\/2017\/20170966\" target=\"_blank\" rel=\"nofollow\" class=\"\">966\/2017 Valtioneuvoston asetus\nmaatalouden ja matkailun alaan kuuluvista kausiluonteista toimintaa sis\u00e4lt\u00e4vist\u00e4 toimialoista (muutos 47\/2025)<\/a>\n\n\n\n\n<div class=\"wprss-feed-meta\">\n            <span class=\"feed-source\">\n            \n\n                            Finlex.fi\n                    <\/span>\n    \n            <span class=\"feed-date\">\n             2025-02-17\n        <\/span>\n    \n    <\/div>\n\n            \n        <\/li>\n                    <li class=\"wpra-item feed-item \">\n            \n            \n\n    <a  href=\"https:\/\/www.lvm.fi\/-\/eu-ssa-alustava-sopu-jakeluinfran-velvoitteista-suomen-tavoitteet-huomioitu-hyvin-1974774?redirect=%2Fajankohtaista%3Fp_p_id%3Dcom_liferay_asset_publisher_web_portlet_AssetPublisherPortlet_INSTANCE_8upbyPg44nql%26p_p_lifecycle%3D2%26p_p_state%3Dnormal%26p_p_mode%3Dview%26p_p_resource_id%3DgetRSS%26p_p_cacheability%3DcacheLevelPage%26_com_liferay_asset_publisher_web_portlet_AssetPublisherPortlet_INSTANCE_8upbyPg44nql_currentURL%3D%252Fajankohtaista%26_com_liferay_asset_publisher_web_portlet_AssetPublisherPortlet_INSTANCE_8upbyPg44nql_portletData%3D%26_com_liferay_asset_publisher_web_portlet_AssetPublisherPortlet_INSTANCE_8upbyPg44nql_portletAjaxable%3D1%26_com_liferay_asset_publisher_web_portlet_AssetPublisherPortlet_INSTANCE_8upbyPg44nql_doAsUserId%3D%26_com_liferay_asset_publisher_web_portlet_AssetPublisherPortlet_INSTANCE_8upbyPg44nql_cmd%3Dadd\" target=\"_blank\" rel=\"nofollow\" class=\"\">EU:ssa alustava sopu jakeluinfran velvoitteista \u2013 Suomen tavoitteet huomioitu hyvin<\/a>\n\n\n\n\n<div class=\"wprss-feed-meta\">\n            <span class=\"feed-source\">\n            \n\n                            LVM.fi\n                    <\/span>\n    \n            <span class=\"feed-date\">\n             2023-03-28\n        <\/span>\n    \n    <\/div>\n\n            \n        <\/li>\n                    <li class=\"wpra-item feed-item \">\n            \n            \n\n    <a  href=\"https:\/\/www.lvm.fi\/-\/kelloja-siirretaan-kesaaikaan-ensi-sunnuntaina-26-maaliskuuta-1971720?redirect=%2Fajankohtaista%3Fp_p_id%3Dcom_liferay_asset_publisher_web_portlet_AssetPublisherPortlet_INSTANCE_8upbyPg44nql%26p_p_lifecycle%3D2%26p_p_state%3Dnormal%26p_p_mode%3Dview%26p_p_resource_id%3DgetRSS%26p_p_cacheability%3DcacheLevelPage%26_com_liferay_asset_publisher_web_portlet_AssetPublisherPortlet_INSTANCE_8upbyPg44nql_currentURL%3D%252Fajankohtaista%26_com_liferay_asset_publisher_web_portlet_AssetPublisherPortlet_INSTANCE_8upbyPg44nql_portletData%3D%26_com_liferay_asset_publisher_web_portlet_AssetPublisherPortlet_INSTANCE_8upbyPg44nql_portletAjaxable%3D1%26_com_liferay_asset_publisher_web_portlet_AssetPublisherPortlet_INSTANCE_8upbyPg44nql_doAsUserId%3D%26_com_liferay_asset_publisher_web_portlet_AssetPublisherPortlet_INSTANCE_8upbyPg44nql_cmd%3Dadd\" target=\"_blank\" rel=\"nofollow\" class=\"\">Kelloja siirret\u00e4\u00e4n kes\u00e4aikaan ensi sunnuntaina 26. maaliskuuta<\/a>\n\n\n\n\n<div class=\"wprss-feed-meta\">\n            <span class=\"feed-source\">\n            \n\n                            LVM.fi\n                    <\/span>\n    \n            <span class=\"feed-date\">\n             2023-03-23\n        <\/span>\n    \n    <\/div>\n\n            \n        <\/li>\n                    <li class=\"wpra-item feed-item \">\n            \n            \n\n    <a  href=\"https:\/\/www.lvm.fi\/-\/taydennyksia-ajoneuvolakiin-1971651?redirect=%2Fajankohtaista%3Fp_p_id%3Dcom_liferay_asset_publisher_web_portlet_AssetPublisherPortlet_INSTANCE_8upbyPg44nql%26p_p_lifecycle%3D2%26p_p_state%3Dnormal%26p_p_mode%3Dview%26p_p_resource_id%3DgetRSS%26p_p_cacheability%3DcacheLevelPage%26_com_liferay_asset_publisher_web_portlet_AssetPublisherPortlet_INSTANCE_8upbyPg44nql_currentURL%3D%252Fajankohtaista%26_com_liferay_asset_publisher_web_portlet_AssetPublisherPortlet_INSTANCE_8upbyPg44nql_portletData%3D%26_com_liferay_asset_publisher_web_portlet_AssetPublisherPortlet_INSTANCE_8upbyPg44nql_portletAjaxable%3D1%26_com_liferay_asset_publisher_web_portlet_AssetPublisherPortlet_INSTANCE_8upbyPg44nql_doAsUserId%3D%26_com_liferay_asset_publisher_web_portlet_AssetPublisherPortlet_INSTANCE_8upbyPg44nql_cmd%3Dadd\" target=\"_blank\" rel=\"nofollow\" class=\"\">T\u00e4ydennyksi\u00e4 ajoneuvolakiin<\/a>\n\n\n\n\n<div class=\"wprss-feed-meta\">\n            <span class=\"feed-source\">\n            \n\n                            LVM.fi\n                    <\/span>\n    \n            <span class=\"feed-date\">\n             2023-03-23\n        <\/span>\n    \n    <\/div>\n\n            \n        <\/li>\n        <\/ul>\n\n        \n<\/div>\n\n<\/div>\n\n<p>[\/et_pb_text][\/et_pb_column][et_pb_column type=&#8221;1_4&#8243; _builder_version=&#8221;4.0.2&#8243;][et_pb_sidebar orientation=&#8221;right&#8221; area=&#8221;et_pb_widget_area_8&#8243; _builder_version=&#8221;4.0.2&#8243;][\/et_pb_sidebar][\/et_pb_column][\/et_pb_row][\/et_pb_section]<\/p>\n","protected":false},"excerpt":{"rendered":"<p>[et_pb_section fb_built=&#8221;1&#8243; _builder_version=&#8221;4.0.2&#8243; background_color=&#8221;#0c71c3&#8243; min_height=&#8221;136px&#8221; custom_padding=&#8221;0px||0px|||&#8221;][et_pb_row column_structure=&#8221;1_3,2_3&#8243; _builder_version=&#8221;4.0.2&#8243; use_background_color_gradient=&#8221;on&#8221; background_color_gradient_start=&#8221;#00618e&#8221; background_color_gradient_end=&#8221;#071d9b&#8221; width=&#8221;100%&#8221; custom_padding=&#8221;0px||0px|||&#8221;][et_pb_column type=&#8221;1_3&#8243; _builder_version=&#8221;4.0.2&#8243;][et_pb_image src=&#8221;https:\/\/www.balticloop.eu\/wp-content\/uploads\/2019\/12\/baltic_loop_512.png&#8221; align=&#8221;center&#8221; _builder_version=&#8221;4.0.2&#8243; max_height=&#8221;125px&#8221; custom_margin=&#8221;||||false|false&#8221;][\/et_pb_image][\/et_pb_column][et_pb_column type=&#8221;2_3&#8243; _builder_version=&#8221;4.0.2&#8243;][et_pb_menu menu_id=&#8221;14&#8243; active_link_color=&#8221;#ffffff&#8221; cart_icon_color=&#8221;#ffffff&#8221; search_icon_color=&#8221;#ffffff&#8221; menu_icon_color=&#8221;#ffffff&#8221; _builder_version=&#8221;4.0.2&#8243; menu_font=&#8221;|600|||||||&#8221; menu_font_size=&#8221;22px&#8221; [&hellip;]<\/p>\n","protected":false},"author":8,"featured_media":0,"parent":1423,"menu_order":0,"comment_status":"closed","ping_status":"closed","template":"","meta":{"_et_pb_use_builder":"on","_et_pb_old_content":"","_et_gb_content_width":"","_EventAllDay":false,"_EventTimezone":"","_EventStartDate":"","_EventEndDate":"","_EventStartDateUTC":"","_EventEndDateUTC":"","_EventShowMap":false,"_EventShowMapLink":false,"_EventURL":"","_EventCost":"","_EventCostDescription":"","_EventCurrencySymbol":"","_EventCurrencyPosition":"","_EventDateTimeSeparator":"","_EventTimeRangeSeparator":"","_EventOrganizerID":[],"_EventVenueID":0,"_OrganizerEmail":"","_OrganizerPhone":"","_OrganizerWebsite":"","_VenueAddress":"","_VenueCity":"","_VenueCountry":"","_VenueProvince":"","_VenueZip":"","_VenuePhone":"","_VenueURL":"","_VenueStateProvince":"","_VenueLat":"","_VenueLng":""},"_links":{"self":[{"href":"https:\/\/www.balticloop.eu\/index.php\/wp-json\/wp\/v2\/pages\/1431"}],"collection":[{"href":"https:\/\/www.balticloop.eu\/index.php\/wp-json\/wp\/v2\/pages"}],"about":[{"href":"https:\/\/www.balticloop.eu\/index.php\/wp-json\/wp\/v2\/types\/page"}],"author":[{"embeddable":true,"href":"https:\/\/www.balticloop.eu\/index.php\/wp-json\/wp\/v2\/users\/8"}],"replies":[{"embeddable":true,"href":"https:\/\/www.balticloop.eu\/index.php\/wp-json\/wp\/v2\/comments?post=1431"}],"version-history":[{"count":11,"href":"https:\/\/www.balticloop.eu\/index.php\/wp-json\/wp\/v2\/pages\/1431\/revisions"}],"predecessor-version":[{"id":6853,"href":"https:\/\/www.balticloop.eu\/index.php\/wp-json\/wp\/v2\/pages\/1431\/revisions\/6853"}],"up":[{"embeddable":true,"href":"https:\/\/www.balticloop.eu\/index.php\/wp-json\/wp\/v2\/pages\/1423"}],"wp:attachment":[{"href":"https:\/\/www.balticloop.eu\/index.php\/wp-json\/wp\/v2\/media?parent=1431"}],"curies":[{"name":"wp","href":"https:\/\/api.w.org\/{rel}","templated":true}]}}