{"id":1406,"date":"2020-12-01T08:09:34","date_gmt":"2020-12-01T08:09:34","guid":{"rendered":"https:\/\/www.balticloop.eu\/?page_id=1406"},"modified":"2021-02-07T20:10:19","modified_gmt":"2021-02-07T20:10:19","slug":"news","status":"publish","type":"page","link":"https:\/\/www.balticloop.eu\/index.php\/platform\/ee\/news\/","title":{"rendered":"News"},"content":{"rendered":"<p>[et_pb_section fb_built=&#8221;1&#8243; _builder_version=&#8221;4.0.2&#8243; background_color=&#8221;#0c71c3&#8243; min_height=&#8221;136px&#8221; custom_padding=&#8221;0px||0px|||&#8221;][et_pb_row column_structure=&#8221;1_3,2_3&#8243; _builder_version=&#8221;4.0.2&#8243; use_background_color_gradient=&#8221;on&#8221; background_color_gradient_start=&#8221;#00618e&#8221; background_color_gradient_end=&#8221;#071d9b&#8221; width=&#8221;100%&#8221; custom_padding=&#8221;0px||0px|||&#8221;][et_pb_column type=&#8221;1_3&#8243; _builder_version=&#8221;4.0.2&#8243;][et_pb_image src=&#8221;https:\/\/www.balticloop.eu\/wp-content\/uploads\/2019\/12\/baltic_loop_512.png&#8221; align=&#8221;center&#8221; _builder_version=&#8221;4.0.2&#8243; max_height=&#8221;125px&#8221; custom_margin=&#8221;||||false|false&#8221;][\/et_pb_image][\/et_pb_column][et_pb_column type=&#8221;2_3&#8243; _builder_version=&#8221;4.0.2&#8243;][et_pb_menu menu_id=&#8221;14&#8243; active_link_color=&#8221;#ffffff&#8221; cart_icon_color=&#8221;#ffffff&#8221; search_icon_color=&#8221;#ffffff&#8221; menu_icon_color=&#8221;#ffffff&#8221; _builder_version=&#8221;4.0.2&#8243; menu_font=&#8221;|600|||||||&#8221; menu_font_size=&#8221;22px&#8221; background_color=&#8221;rgba(0,0,0,0)&#8221; background_layout=&#8221;dark&#8221; custom_css_menu_link=&#8221;border-right: 1px solid #000;||padding: 0.5em 1em 0.75em 0;&#8221; border_width_right=&#8221;3px&#8221; border_color_right=&#8221;#000000&#8243;][\/et_pb_menu][\/et_pb_column][\/et_pb_row][et_pb_row column_structure=&#8221;1_3,2_3&#8243; _builder_version=&#8221;4.0.2&#8243; background_color=&#8221;#ffffff&#8221; width=&#8221;100%&#8221; custom_padding=&#8221;0px||0px|||&#8221;][et_pb_column type=&#8221;1_3&#8243; _builder_version=&#8221;4.0.2&#8243;][\/et_pb_column][et_pb_column type=&#8221;2_3&#8243; _builder_version=&#8221;4.0.2&#8243;][et_pb_menu menu_id=&#8221;19&#8243; cart_icon_color=&#8221;#ffffff&#8221; search_icon_color=&#8221;#ffffff&#8221; menu_icon_color=&#8221;#ffffff&#8221; _builder_version=&#8221;4.0.2&#8243; menu_font=&#8221;|700|||||||&#8221; menu_font_size=&#8221;16px&#8221; background_color=&#8221;#e0e0e0&#8243; transform_translate=&#8221;0px|-70px&#8221; transform_translate_linked=&#8221;off&#8221; custom_padding=&#8221;7px||5px||false|false&#8221; custom_css_before=&#8221;content: %22%22;||position: absolute;||height: 0;||width: 0;||top: 0;||left: -3em;||border-right: 1.5em solid #e0e0e0;||border-bottom: 1.5em solid #e0e0e0;||||border-top: 1.5em solid transparent;||border-left: 1.5em solid transparent;&#8221; custom_css_after=&#8221;content: %22%22;||position: absolute;||width:\t100%;||width: calc(100% + 5em);||height: 2em;||background: #fff;||top: 100%;||left: -4em;||transform: skew(-45deg);&#8221; border_color_all=&#8221;rgba(0,0,0,0)&#8221; border_color_right=&#8221;#000000&#8243;][\/et_pb_menu][\/et_pb_column][\/et_pb_row][\/et_pb_section][et_pb_section fb_built=&#8221;1&#8243; module_class=&#8221;blue-link&#8221; _builder_version=&#8221;4.0.2&#8243; custom_padding=&#8221;0px|||||&#8221;][et_pb_row column_structure=&#8221;3_4,1_4&#8243; _builder_version=&#8221;4.7.4&#8243; width=&#8221;95%&#8221; module_alignment=&#8221;center&#8221;][et_pb_column type=&#8221;3_4&#8243; _builder_version=&#8221;4.0.2&#8243;][et_pb_text _builder_version=&#8221;4.7.7&#8243; hover_enabled=&#8221;0&#8243; sticky_enabled=&#8221;0&#8243;]<\/p>\n<div id=\"left-area\">\n<article id=\"post-1280\" class=\"post-1280 page type-page status-publish hentry\">\n<div class=\"entry-content\">\n<div id=\"left-area\">\n<article id=\"post-1280\" class=\"post-1280 page type-page status-publish hentry\">\n<div class=\"entry-content\">\n<p><span><div class=\"wp-rss-template-container\" data-wpra-template=\"default\" data-template-ctx=\"eyJzb3VyY2VzIjoiNzE5Niw3MjAwIn0=\">\n    <div class=\"wp-rss-aggregator wpra-list-template  \" data-page=\"1\">\n    \n    \n<ul class=\"wpra-item-list rss-aggregator wpra-item-list--bullets wpra-item-list--default\"\n    start=\"1\">\n                        <li class=\"wpra-item feed-item \">\n            \n            \n\n    <a  href=\"https:\/\/riigikantselei.prelive.vportal.ee\/uudised\/avalik-konkurss-riigikantselei-strateegiadirektor-1\" target=\"_blank\" rel=\"nofollow\" class=\"\">Avalik konkurss: Riigikantselei strateegiadirektor<\/a>\n\n\n\n\n<div class=\"wprss-feed-meta\">\n            <span class=\"feed-source\">\n            \n\n                            riigikantselei.ee\n                    <\/span>\n    \n            <span class=\"feed-date\">\n             2023-04-12\n        <\/span>\n    \n    <\/div>\n\n            \n        <\/li>\n                    <li class=\"wpra-item feed-item \">\n            \n            \n\n    <a  href=\"https:\/\/riigikantselei.prelive.vportal.ee\/uudised\/riigisekretar-annab-e-koolitunni-iseseisvusmanifesti-tahtsusest-riigi-loomisel\" target=\"_blank\" rel=\"nofollow\" class=\"\">Riigisekret\u00e4r annab e-koolitunni iseseisvusmanifesti t\u00e4htsusest riigi loomisel<\/a>\n\n\n\n\n<div class=\"wprss-feed-meta\">\n            <span class=\"feed-source\">\n            \n\n                            riigikantselei.ee\n                    <\/span>\n    \n            <span class=\"feed-date\">\n             2023-04-04\n        <\/span>\n    \n    <\/div>\n\n            \n        <\/li>\n                    <li class=\"wpra-item feed-item \">\n            \n            \n\n    <a  href=\"https:\/\/riigikantselei.prelive.vportal.ee\/uudised\/avalik-konkurss-maaeluministeeriumi-kalanduspoliitika-ja-valissuhete-asekantsler\" target=\"_blank\" rel=\"nofollow\" class=\"\">Avalik konkurss: Maaeluministeeriumi kalanduspoliitika ja v\u00e4lissuhete asekantsler<\/a>\n\n\n\n\n<div class=\"wprss-feed-meta\">\n            <span class=\"feed-source\">\n            \n\n                            riigikantselei.ee\n                    <\/span>\n    \n            <span class=\"feed-date\">\n             2023-03-27\n        <\/span>\n    \n    <\/div>\n\n            \n        <\/li>\n                    <li class=\"wpra-item feed-item \">\n            \n            \n\n    <a  href=\"https:\/\/www.mkm.ee\/et\/uudised\/minister-sutt-peame-suutma-hoida-turismiettevotluse-okosusteemi\" target=\"_blank\" rel=\"nofollow\" class=\"\">Minister Sutt: peame suutma hoida turismiettev\u00f5tluse \u00f6kos\u00fcsteemi<\/a>\n\n\n\n\n<div class=\"wprss-feed-meta\">\n            <span class=\"feed-source\">\n            \n\n                            Mkm.ee\n                    <\/span>\n    \n            <span class=\"feed-date\">\n             2021-02-05\n        <\/span>\n    \n    <\/div>\n\n            \n        <\/li>\n                    <li class=\"wpra-item feed-item \">\n            \n            \n\n    <a  href=\"https:\/\/www.mkm.ee\/et\/uudised\/aasta-liikluses-onnetuste-arv-vahenes-kuid-avariid-noudsid-rohkem-elusid\" target=\"_blank\" rel=\"nofollow\" class=\"\">Aasta liikluses: \u00f5nnetuste arv v\u00e4henes, kuid avariid n\u00f5udsid rohkem elusid<\/a>\n\n\n\n\n<div class=\"wprss-feed-meta\">\n            <span class=\"feed-source\">\n            \n\n                            Mkm.ee\n                    <\/span>\n    \n            <span class=\"feed-date\">\n             2021-02-04\n        <\/span>\n    \n    <\/div>\n\n            \n        <\/li>\n                    <li class=\"wpra-item feed-item \">\n            \n            \n\n    <a  href=\"https:\/\/www.mkm.ee\/et\/uudised\/eestist-sai-euroopa-tuumauuringute-organisatsiooni-liige\" target=\"_blank\" rel=\"nofollow\" class=\"\">Eestist sai Euroopa Tuumauuringute Organisatsiooni liige<\/a>\n\n\n\n\n<div class=\"wprss-feed-meta\">\n            <span class=\"feed-source\">\n            \n\n                            Mkm.ee\n                    <\/span>\n    \n            <span class=\"feed-date\">\n             2021-02-02\n        <\/span>\n    \n    <\/div>\n\n            \n        <\/li>\n        <\/ul>\n\n        \n<\/div>\n\n<\/div>\n<\/span><\/p>\n<\/div>\n<\/article>\n<\/div>\n<\/div>\n<\/article>\n<\/div>\n<p>[\/et_pb_text][\/et_pb_column][et_pb_column type=&#8221;1_4&#8243; _builder_version=&#8221;4.0.2&#8243;][et_pb_sidebar orientation=&#8221;right&#8221; area=&#8221;et_pb_widget_area_5&#8243; _builder_version=&#8221;4.0.2&#8243;][\/et_pb_sidebar][\/et_pb_column][\/et_pb_row][\/et_pb_section]<\/p>\n","protected":false},"excerpt":{"rendered":"<p>[et_pb_section fb_built=&#8221;1&#8243; _builder_version=&#8221;4.0.2&#8243; background_color=&#8221;#0c71c3&#8243; min_height=&#8221;136px&#8221; custom_padding=&#8221;0px||0px|||&#8221;][et_pb_row column_structure=&#8221;1_3,2_3&#8243; _builder_version=&#8221;4.0.2&#8243; use_background_color_gradient=&#8221;on&#8221; background_color_gradient_start=&#8221;#00618e&#8221; background_color_gradient_end=&#8221;#071d9b&#8221; width=&#8221;100%&#8221; custom_padding=&#8221;0px||0px|||&#8221;][et_pb_column type=&#8221;1_3&#8243; _builder_version=&#8221;4.0.2&#8243;][et_pb_image src=&#8221;https:\/\/www.balticloop.eu\/wp-content\/uploads\/2019\/12\/baltic_loop_512.png&#8221; align=&#8221;center&#8221; _builder_version=&#8221;4.0.2&#8243; max_height=&#8221;125px&#8221; custom_margin=&#8221;||||false|false&#8221;][\/et_pb_image][\/et_pb_column][et_pb_column type=&#8221;2_3&#8243; _builder_version=&#8221;4.0.2&#8243;][et_pb_menu menu_id=&#8221;14&#8243; active_link_color=&#8221;#ffffff&#8221; cart_icon_color=&#8221;#ffffff&#8221; search_icon_color=&#8221;#ffffff&#8221; menu_icon_color=&#8221;#ffffff&#8221; _builder_version=&#8221;4.0.2&#8243; menu_font=&#8221;|600|||||||&#8221; menu_font_size=&#8221;22px&#8221; [&hellip;]<\/p>\n","protected":false},"author":8,"featured_media":0,"parent":1399,"menu_order":0,"comment_status":"closed","ping_status":"closed","template":"","meta":{"_et_pb_use_builder":"on","_et_pb_old_content":"","_et_gb_content_width":"","_EventAllDay":false,"_EventTimezone":"","_EventStartDate":"","_EventEndDate":"","_EventStartDateUTC":"","_EventEndDateUTC":"","_EventShowMap":false,"_EventShowMapLink":false,"_EventURL":"","_EventCost":"","_EventCostDescription":"","_EventCurrencySymbol":"","_EventCurrencyPosition":"","_EventDateTimeSeparator":"","_EventTimeRangeSeparator":"","_EventOrganizerID":[],"_EventVenueID":0,"_OrganizerEmail":"","_OrganizerPhone":"","_OrganizerWebsite":"","_VenueAddress":"","_VenueCity":"","_VenueCountry":"","_VenueProvince":"","_VenueZip":"","_VenuePhone":"","_VenueURL":"","_VenueStateProvince":"","_VenueLat":"","_VenueLng":""},"_links":{"self":[{"href":"https:\/\/www.balticloop.eu\/index.php\/wp-json\/wp\/v2\/pages\/1406"}],"collection":[{"href":"https:\/\/www.balticloop.eu\/index.php\/wp-json\/wp\/v2\/pages"}],"about":[{"href":"https:\/\/www.balticloop.eu\/index.php\/wp-json\/wp\/v2\/types\/page"}],"author":[{"embeddable":true,"href":"https:\/\/www.balticloop.eu\/index.php\/wp-json\/wp\/v2\/users\/8"}],"replies":[{"embeddable":true,"href":"https:\/\/www.balticloop.eu\/index.php\/wp-json\/wp\/v2\/comments?post=1406"}],"version-history":[{"count":6,"href":"https:\/\/www.balticloop.eu\/index.php\/wp-json\/wp\/v2\/pages\/1406\/revisions"}],"predecessor-version":[{"id":7204,"href":"https:\/\/www.balticloop.eu\/index.php\/wp-json\/wp\/v2\/pages\/1406\/revisions\/7204"}],"up":[{"embeddable":true,"href":"https:\/\/www.balticloop.eu\/index.php\/wp-json\/wp\/v2\/pages\/1399"}],"wp:attachment":[{"href":"https:\/\/www.balticloop.eu\/index.php\/wp-json\/wp\/v2\/media?parent=1406"}],"curies":[{"name":"wp","href":"https:\/\/api.w.org\/{rel}","templated":true}]}}