{"id":1327,"date":"2020-11-30T14:06:03","date_gmt":"2020-11-30T14:06:03","guid":{"rendered":"https:\/\/www.balticloop.eu\/?page_id=1327"},"modified":"2021-02-05T10:17:52","modified_gmt":"2021-02-05T10:17:52","slug":"documents","status":"publish","type":"page","link":"https:\/\/www.balticloop.eu\/index.php\/platform\/se\/documents\/","title":{"rendered":"Dokumentation"},"content":{"rendered":"<p>[et_pb_section fb_built=&#8221;1&#8243; _builder_version=&#8221;4.0.2&#8243; background_color=&#8221;#0c71c3&#8243; min_height=&#8221;136px&#8221; custom_padding=&#8221;0px||0px|||&#8221;][et_pb_row column_structure=&#8221;1_3,2_3&#8243; _builder_version=&#8221;4.0.2&#8243; use_background_color_gradient=&#8221;on&#8221; background_color_gradient_start=&#8221;#00618e&#8221; background_color_gradient_end=&#8221;#071d9b&#8221; width=&#8221;100%&#8221; custom_padding=&#8221;0px||0px|||&#8221;][et_pb_column type=&#8221;1_3&#8243; _builder_version=&#8221;4.0.2&#8243;][et_pb_image src=&#8221;https:\/\/www.balticloop.eu\/wp-content\/uploads\/2019\/12\/baltic_loop_512.png&#8221; align=&#8221;center&#8221; _builder_version=&#8221;4.0.2&#8243; max_height=&#8221;125px&#8221; custom_margin=&#8221;||||false|false&#8221;][\/et_pb_image][\/et_pb_column][et_pb_column type=&#8221;2_3&#8243; _builder_version=&#8221;4.0.2&#8243;][et_pb_menu menu_id=&#8221;14&#8243; active_link_color=&#8221;#ffffff&#8221; cart_icon_color=&#8221;#ffffff&#8221; search_icon_color=&#8221;#ffffff&#8221; menu_icon_color=&#8221;#ffffff&#8221; _builder_version=&#8221;4.0.2&#8243; menu_font=&#8221;|600|||||||&#8221; menu_font_size=&#8221;22px&#8221; background_color=&#8221;rgba(0,0,0,0)&#8221; background_layout=&#8221;dark&#8221; custom_css_menu_link=&#8221;border-right: 1px solid #000;||padding: 0.5em 1em 0.75em 0;&#8221; border_width_right=&#8221;3px&#8221; border_color_right=&#8221;#000000&#8243;][\/et_pb_menu][\/et_pb_column][\/et_pb_row][et_pb_row column_structure=&#8221;1_3,2_3&#8243; _builder_version=&#8221;4.0.2&#8243; background_color=&#8221;#ffffff&#8221; width=&#8221;100%&#8221; custom_padding=&#8221;0px||0px|||&#8221;][et_pb_column type=&#8221;1_3&#8243; _builder_version=&#8221;4.0.2&#8243;][\/et_pb_column][et_pb_column type=&#8221;2_3&#8243; _builder_version=&#8221;4.0.2&#8243;][et_pb_menu menu_id=&#8221;18&#8243; cart_icon_color=&#8221;#ffffff&#8221; search_icon_color=&#8221;#ffffff&#8221; menu_icon_color=&#8221;#ffffff&#8221; _builder_version=&#8221;4.0.2&#8243; menu_font=&#8221;|700|||||||&#8221; menu_font_size=&#8221;16px&#8221; background_color=&#8221;#e0e0e0&#8243; transform_translate=&#8221;0px|-70px&#8221; transform_translate_linked=&#8221;off&#8221; custom_padding=&#8221;7px||5px||false|false&#8221; custom_css_before=&#8221;content: %22%22;||position: absolute;||height: 0;||width: 0;||top: 0;||left: -3em;||border-right: 1.5em solid #e0e0e0;||border-bottom: 1.5em solid #e0e0e0;||||border-top: 1.5em solid transparent;||border-left: 1.5em solid transparent;&#8221; custom_css_after=&#8221;content: %22%22;||position: absolute;||width:\t100%;||width: calc(100% + 5em);||height: 2em;||background: #fff;||top: 100%;||left: -4em;||transform: skew(-45deg);&#8221; border_color_all=&#8221;rgba(0,0,0,0)&#8221; border_color_right=&#8221;#000000&#8243;][\/et_pb_menu][\/et_pb_column][\/et_pb_row][\/et_pb_section][et_pb_section fb_built=&#8221;1&#8243; module_class=&#8221;blue-link&#8221; _builder_version=&#8221;4.0.2&#8243; custom_padding=&#8221;0px|||||&#8221;][et_pb_row column_structure=&#8221;3_4,1_4&#8243; _builder_version=&#8221;4.7.4&#8243; width=&#8221;95%&#8221; module_alignment=&#8221;center&#8221;][et_pb_column type=&#8221;3_4&#8243; _builder_version=&#8221;4.0.2&#8243;][et_pb_accordion _builder_version=&#8221;4.7.7&#8243; _module_preset=&#8221;default&#8221;][et_pb_accordion_item title=&#8221;National level&#8221; open=&#8221;off&#8221; _builder_version=&#8221;4.7.7&#8243; _module_preset=&#8221;default&#8221; hover_enabled=&#8221;0&#8243; sticky_enabled=&#8221;0&#8243;]<\/p>\n<p><a href=\"https:\/\/www.balticloop.eu\/wp-content\/uploads\/2021\/02\/Nationell-plan-transportsystemet-2018-2029.pdf\" rel=\"attachment wp-att-6582\">Nationell plan transportsystemet 2018-2029<\/a><\/p>\n<p>[\/et_pb_accordion_item][et_pb_accordion_item title=&#8221;Regional level&#8221; _builder_version=&#8221;4.7.7&#8243; _module_preset=&#8221;default&#8221; hover_enabled=&#8221;0&#8243; open=&#8221;off&#8221; sticky_enabled=&#8221;0&#8243;]<\/p>\n<p><a href=\"https:\/\/www.balticloop.eu\/wp-content\/uploads\/2021\/02\/Lanstransportplan-Vastmanland.pdf\" rel=\"attachment wp-att-6583\">L\u00e4nstransportplan V\u00e4stmanland<\/a><\/p>\n<p><a href=\"https:\/\/www.balticloop.eu\/wp-content\/uploads\/2021\/02\/Storregional-godsstrategi-delrapport-2018.pdf\" rel=\"attachment wp-att-6584\">Storregional godsstrategi delrapport 2018<\/a><\/p>\n<p><a href=\"https:\/\/www.balticloop.eu\/wp-content\/uploads\/2021\/02\/Storregional-godsstrategi-for-Stockholm-Malarregionen-strategier-och-atgarder-2020.pdf\" rel=\"attachment wp-att-6585\">Storregional godsstrategi f\u00f6r Stockholm-M\u00e4larregionen strategier och \u00e5tgarder 2020<\/a><\/p>\n<p><a href=\"https:\/\/www.balticloop.eu\/wp-content\/uploads\/2021\/02\/Storregional-kollektivtrafik-underlagsrapport-2020.pdf\" rel=\"attachment wp-att-6586\">Storregional kollektivtrafik underlagsrapport 2020<\/a><\/p>\n<p><a href=\"https:\/\/www.balticloop.eu\/wp-content\/uploads\/2021\/02\/The-Development-of-the-Trans-European-Transport-Network.pdf\" rel=\"attachment wp-att-6587\">The Development of the Trans-European Transport Network<\/a><\/p>\n<p><a href=\"https:\/\/www.balticloop.eu\/wp-content\/uploads\/2021\/02\/En-battre-sits-i-varlden.pdf\" rel=\"attachment wp-att-6588\">En b\u00e4ttre sits i v\u00e4rlden<\/a><\/p>\n<p><a href=\"https:\/\/www.balticloop.eu\/wp-content\/uploads\/2021\/02\/Framtidens-resande-underlagsrapport-2020.pdf\" rel=\"attachment wp-att-6589\">Framtidens resande underlagsrapport 2020<\/a><\/p>\n<p><a href=\"https:\/\/www.balticloop.eu\/wp-content\/uploads\/2021\/02\/Handlingsplan-for-hallbara-resor-och-transporter-i-Orebro-lan.pdf\" rel=\"attachment wp-att-6590\">Handlingsplan f\u00f6r h\u00e5llbara resor och transporter i \u00d6rebro l\u00e4n<\/a><\/p>\n<p><a href=\"https:\/\/www.balticloop.eu\/wp-content\/uploads\/2021\/02\/Internationell-tillganglighet-och-konkurrenskraft-rapport-2020.pdf\" rel=\"attachment wp-att-6591\">Internationell tillg\u00e4nglighet och konkurrenskraft rapport 2020<\/a><\/p>\n<p><a href=\"https:\/\/www.balticloop.eu\/wp-content\/uploads\/2021\/02\/Lansplantransportplan-Stockholm.pdf\" rel=\"attachment wp-att-6592\">L\u00e4nsplantransportplan Stockholm<\/a><\/p>\n<p><a href=\"https:\/\/www.balticloop.eu\/wp-content\/uploads\/2021\/02\/Lanstransportplan-Orebro-lan.pdf\" rel=\"attachment wp-att-6593\">L\u00e4nstransportplan \u00d6rebro l\u00e4n<\/a><\/p>\n<p><a href=\"https:\/\/www.balticloop.eu\/wp-content\/uploads\/2021\/02\/Lanstransportplan-Varmlands-lan.pdf\" rel=\"attachment wp-att-6594\">L\u00e4nstransportplan V\u00e4rmlands l\u00e4n<\/a><a href=\"https:\/\/www.balticloop.eu\/wp-content\/uploads\/2021\/01\/Elektromobilitate-Latvija.pptx\"><\/a><\/p>\n<p>[\/et_pb_accordion_item][et_pb_accordion_item title=&#8221;Municipality level&#8221; _builder_version=&#8221;4.7.7&#8243; _module_preset=&#8221;default&#8221; hover_enabled=&#8221;0&#8243; open=&#8221;on&#8221; sticky_enabled=&#8221;0&#8243;]<\/p>\n<p><a href=\"https:\/\/www.balticloop.eu\/wp-content\/uploads\/2021\/02\/Trafikplan-Eskilstuna.pdf\" rel=\"attachment wp-att-6595\">Trafikplan Eskilstuna<\/a><\/p>\n<p><a href=\"https:\/\/www.balticloop.eu\/wp-content\/uploads\/2021\/02\/Trafikplan-Karlstad.pdf\" rel=\"attachment wp-att-6596\">Trafikplan Karlstad<\/a><\/p>\n<p><a href=\"https:\/\/www.balticloop.eu\/wp-content\/uploads\/2021\/02\/Trafikplan-Vasteras.pdf\" rel=\"attachment wp-att-6597\">Trafikplan V\u00e4ster\u00e5s<\/a><\/p>\n<p><a href=\"https:\/\/www.balticloop.eu\/wp-content\/uploads\/2021\/02\/Trafikprogram-Orebro-kommun.pdf\" rel=\"attachment wp-att-6598\">Trafikprogram \u00d6rebro kommun<\/a><\/p>\n<p><a href=\"https:\/\/www.balticloop.eu\/wp-content\/uploads\/2021\/02\/Oversiktsplan-for-Stockholms-stad.pdf\" rel=\"attachment wp-att-6599\">\u00d6versiktsplan f\u00f6r Stockholms stad<\/a><\/p>\n<p><a href=\"https:\/\/www.balticloop.eu\/wp-content\/uploads\/2021\/02\/Stockholm-City-Plan-eng.pdf\" rel=\"attachment wp-att-6600\">Stockholm City Plan (eng)<\/a><a href=\"https:\/\/www.balticloop.eu\/wp-content\/uploads\/2021\/01\/Elektromobilitate-Latvija.pptx\"><\/a><\/p>\n<p>[\/et_pb_accordion_item][\/et_pb_accordion][\/et_pb_column][et_pb_column type=&#8221;1_4&#8243; _builder_version=&#8221;4.0.2&#8243;][et_pb_sidebar orientation=&#8221;right&#8221; area=&#8221;et_pb_widget_area_4&#8243; _builder_version=&#8221;4.0.2&#8243;][\/et_pb_sidebar][\/et_pb_column][\/et_pb_row][\/et_pb_section]<\/p>\n","protected":false},"excerpt":{"rendered":"<p>[et_pb_section fb_built=&#8221;1&#8243; _builder_version=&#8221;4.0.2&#8243; background_color=&#8221;#0c71c3&#8243; min_height=&#8221;136px&#8221; custom_padding=&#8221;0px||0px|||&#8221;][et_pb_row column_structure=&#8221;1_3,2_3&#8243; _builder_version=&#8221;4.0.2&#8243; use_background_color_gradient=&#8221;on&#8221; background_color_gradient_start=&#8221;#00618e&#8221; background_color_gradient_end=&#8221;#071d9b&#8221; width=&#8221;100%&#8221; custom_padding=&#8221;0px||0px|||&#8221;][et_pb_column type=&#8221;1_3&#8243; _builder_version=&#8221;4.0.2&#8243;][et_pb_image src=&#8221;https:\/\/www.balticloop.eu\/wp-content\/uploads\/2019\/12\/baltic_loop_512.png&#8221; align=&#8221;center&#8221; _builder_version=&#8221;4.0.2&#8243; max_height=&#8221;125px&#8221; custom_margin=&#8221;||||false|false&#8221;][\/et_pb_image][\/et_pb_column][et_pb_column type=&#8221;2_3&#8243; _builder_version=&#8221;4.0.2&#8243;][et_pb_menu menu_id=&#8221;14&#8243; active_link_color=&#8221;#ffffff&#8221; cart_icon_color=&#8221;#ffffff&#8221; search_icon_color=&#8221;#ffffff&#8221; menu_icon_color=&#8221;#ffffff&#8221; _builder_version=&#8221;4.0.2&#8243; menu_font=&#8221;|600|||||||&#8221; menu_font_size=&#8221;22px&#8221; [&hellip;]<\/p>\n","protected":false},"author":8,"featured_media":0,"parent":1325,"menu_order":0,"comment_status":"closed","ping_status":"closed","template":"","meta":{"_et_pb_use_builder":"on","_et_pb_old_content":"","_et_gb_content_width":"","_EventAllDay":false,"_EventTimezone":"","_EventStartDate":"","_EventEndDate":"","_EventStartDateUTC":"","_EventEndDateUTC":"","_EventShowMap":false,"_EventShowMapLink":false,"_EventURL":"","_EventCost":"","_EventCostDescription":"","_EventCurrencySymbol":"","_EventCurrencyPosition":"","_EventDateTimeSeparator":"","_EventTimeRangeSeparator":"","_EventOrganizerID":[],"_EventVenueID":0,"_OrganizerEmail":"","_OrganizerPhone":"","_OrganizerWebsite":"","_VenueAddress":"","_VenueCity":"","_VenueCountry":"","_VenueProvince":"","_VenueZip":"","_VenuePhone":"","_VenueURL":"","_VenueStateProvince":"","_VenueLat":"","_VenueLng":""},"_links":{"self":[{"href":"https:\/\/www.balticloop.eu\/index.php\/wp-json\/wp\/v2\/pages\/1327"}],"collection":[{"href":"https:\/\/www.balticloop.eu\/index.php\/wp-json\/wp\/v2\/pages"}],"about":[{"href":"https:\/\/www.balticloop.eu\/index.php\/wp-json\/wp\/v2\/types\/page"}],"author":[{"embeddable":true,"href":"https:\/\/www.balticloop.eu\/index.php\/wp-json\/wp\/v2\/users\/8"}],"replies":[{"embeddable":true,"href":"https:\/\/www.balticloop.eu\/index.php\/wp-json\/wp\/v2\/comments?post=1327"}],"version-history":[{"count":9,"href":"https:\/\/www.balticloop.eu\/index.php\/wp-json\/wp\/v2\/pages\/1327\/revisions"}],"predecessor-version":[{"id":6601,"href":"https:\/\/www.balticloop.eu\/index.php\/wp-json\/wp\/v2\/pages\/1327\/revisions\/6601"}],"up":[{"embeddable":true,"href":"https:\/\/www.balticloop.eu\/index.php\/wp-json\/wp\/v2\/pages\/1325"}],"wp:attachment":[{"href":"https:\/\/www.balticloop.eu\/index.php\/wp-json\/wp\/v2\/media?parent=1327"}],"curies":[{"name":"wp","href":"https:\/\/api.w.org\/{rel}","templated":true}]}}