{"id":1295,"date":"2020-11-30T13:06:40","date_gmt":"2020-11-30T13:06:40","guid":{"rendered":"https:\/\/www.balticloop.eu\/?page_id=1295"},"modified":"2021-01-21T10:42:55","modified_gmt":"2021-01-21T10:42:55","slug":"documents","status":"publish","type":"page","link":"https:\/\/www.balticloop.eu\/index.php\/platform\/lv\/documents\/","title":{"rendered":"Dokument\u0101cija"},"content":{"rendered":"<p>[et_pb_section fb_built=&#8221;1&#8243; _builder_version=&#8221;4.0.2&#8243; background_color=&#8221;#0c71c3&#8243; min_height=&#8221;136px&#8221; custom_padding=&#8221;0px||0px|||&#8221;][et_pb_row column_structure=&#8221;1_3,2_3&#8243; _builder_version=&#8221;4.0.2&#8243; use_background_color_gradient=&#8221;on&#8221; background_color_gradient_start=&#8221;#00618e&#8221; background_color_gradient_end=&#8221;#071d9b&#8221; width=&#8221;100%&#8221; custom_padding=&#8221;0px||0px|||&#8221;][et_pb_column type=&#8221;1_3&#8243; _builder_version=&#8221;4.0.2&#8243;][et_pb_image src=&#8221;https:\/\/www.balticloop.eu\/wp-content\/uploads\/2019\/12\/baltic_loop_512.png&#8221; align=&#8221;center&#8221; _builder_version=&#8221;4.0.2&#8243; max_height=&#8221;125px&#8221; custom_margin=&#8221;||||false|false&#8221;][\/et_pb_image][\/et_pb_column][et_pb_column type=&#8221;2_3&#8243; _builder_version=&#8221;4.0.2&#8243;][et_pb_menu menu_id=&#8221;14&#8243; active_link_color=&#8221;#ffffff&#8221; cart_icon_color=&#8221;#ffffff&#8221; search_icon_color=&#8221;#ffffff&#8221; menu_icon_color=&#8221;#ffffff&#8221; _builder_version=&#8221;4.0.2&#8243; menu_font=&#8221;|600|||||||&#8221; menu_font_size=&#8221;22px&#8221; background_color=&#8221;rgba(0,0,0,0)&#8221; background_layout=&#8221;dark&#8221; custom_css_menu_link=&#8221;border-right: 1px solid #000;||padding: 0.5em 1em 0.75em 0;&#8221; border_width_right=&#8221;3px&#8221; border_color_right=&#8221;#000000&#8243;][\/et_pb_menu][\/et_pb_column][\/et_pb_row][et_pb_row column_structure=&#8221;1_3,2_3&#8243; _builder_version=&#8221;4.0.2&#8243; background_color=&#8221;#ffffff&#8221; width=&#8221;100%&#8221; custom_padding=&#8221;0px||0px|||&#8221;][et_pb_column type=&#8221;1_3&#8243; _builder_version=&#8221;4.0.2&#8243;][\/et_pb_column][et_pb_column type=&#8221;2_3&#8243; _builder_version=&#8221;4.0.2&#8243;][et_pb_menu menu_id=&#8221;16&#8243; cart_icon_color=&#8221;#ffffff&#8221; search_icon_color=&#8221;#ffffff&#8221; menu_icon_color=&#8221;#ffffff&#8221; _builder_version=&#8221;4.0.2&#8243; menu_font=&#8221;|700|||||||&#8221; menu_font_size=&#8221;16px&#8221; background_color=&#8221;#e0e0e0&#8243; transform_translate=&#8221;0px|-70px&#8221; transform_translate_linked=&#8221;off&#8221; custom_padding=&#8221;7px||5px||false|false&#8221; custom_css_before=&#8221;content: %22%22;||position: absolute;||height: 0;||width: 0;||top: 0;||left: -3em;||border-right: 1.5em solid #e0e0e0;||border-bottom: 1.5em solid #e0e0e0;||||border-top: 1.5em solid transparent;||border-left: 1.5em solid transparent;&#8221; custom_css_after=&#8221;content: %22%22;||position: absolute;||width:\t100%;||width: calc(100% + 5em);||height: 2em;||background: #fff;||top: 100%;||left: -4em;||transform: skew(-45deg);&#8221; border_color_all=&#8221;rgba(0,0,0,0)&#8221; border_color_right=&#8221;#000000&#8243;][\/et_pb_menu][\/et_pb_column][\/et_pb_row][\/et_pb_section][et_pb_section fb_built=&#8221;1&#8243; module_class=&#8221;blue-link&#8221; _builder_version=&#8221;4.0.2&#8243; custom_padding=&#8221;0px|||||&#8221;][et_pb_row column_structure=&#8221;3_4,1_4&#8243; _builder_version=&#8221;4.7.4&#8243; width=&#8221;95%&#8221; module_alignment=&#8221;center&#8221;][et_pb_column type=&#8221;3_4&#8243; _builder_version=&#8221;4.0.2&#8243;][et_pb_accordion _builder_version=&#8221;4.7.7&#8243; _module_preset=&#8221;default&#8221; link_option_url=&#8221;https:\/\/www.balticloop.eu\/index.php\/platform\/lv\/documents\/?et_fb=1&#038;PageSpeed=off&#8221; hover_enabled=&#8221;0&#8243; sticky_enabled=&#8221;0&#8243;][et_pb_accordion_item title=&#8221;Nacion\u0101l\u0101 l\u012bmen\u012b&#8221; _builder_version=&#8221;4.7.7&#8243; _module_preset=&#8221;default&#8221; hover_enabled=&#8221;0&#8243; open=&#8221;on&#8221; sticky_enabled=&#8221;0&#8243;]<\/p>\n<p><a href=\"https:\/\/www.balticloop.eu\/wp-content\/uploads\/2021\/01\/National-Development-Plan-of-Latvia-2021-2027.pdf\" rel=\"attachment wp-att-5334\">National Development Plan of Latvia 2021-2027<\/a><\/p>\n<p><a href=\"https:\/\/www.balticloop.eu\/wp-content\/uploads\/2021\/01\/Projekta-SUMBA-mobilitates-punktu-izvietosanas-uz-izveidosanas-plans.pdf\" rel=\"attachment wp-att-5335\">Projekta SUMBA mobilit\u0101tes punktu izvieto\u0161anas uz izveido\u0161anas pl\u0101ns<\/a><\/p>\n<p><a href=\"https:\/\/www.balticloop.eu\/wp-content\/uploads\/2021\/01\/Sabiedriska-transporta-attistibas-koncepcija-no-SUMP-perspektivas.pdf\" rel=\"attachment wp-att-5336\">Sabiedrisk\u0101 transporta att\u012bst\u012bbas koncepcija no SUMP perspekt\u012bvas<\/a><\/p>\n<p><a href=\"https:\/\/www.balticloop.eu\/wp-content\/uploads\/2021\/01\/Sustainable-Development-Strategy-of-Latvia-until-2030.pdf\" rel=\"attachment wp-att-5337\">Sustainable Development Strategy of Latvia until 2030<\/a><\/p>\n<p><a href=\"https:\/\/www.balticloop.eu\/wp-content\/uploads\/2021\/01\/Transporta-attistibas-pamatnostadnes-2027-\u2013-strategiskie-virzieni.pptx\" rel=\"attachment wp-att-5338\">Transporta att\u012bst\u012bbas pamatnost\u0101dnes 2027 \u2013 strat\u0113\u0123iskie virzieni<\/a><\/p>\n<p><a href=\"https:\/\/www.balticloop.eu\/wp-content\/uploads\/2021\/01\/\u041d\u0430\u0446\u0438\u043e\u043d\u0430\u043b\u044c\u043d\u044b\u0439-\u043f\u043b\u0430\u043d-\u0440\u0430\u0437\u0432\u0438\u0442\u0438\u044f-\u041b\u0430\u0442\u0432\u0438\u0438-\u043d\u0430-\u043f\u0435\u0440\u0438\u043e\u0434-\u0441-2014-\u043f\u043e-2020-\u0433\u0433.pdf\" rel=\"attachment wp-att-5339\">\u041d\u0430\u0446\u0438\u043e\u043d\u0430\u043b\u044c\u043d\u044b\u0439 \u043f\u043b\u0430\u043d \u0440\u0430\u0437\u0432\u0438\u0442\u0438\u044f \u041b\u0430\u0442\u0432\u0438\u0438 \u043d\u0430 \u043f\u0435\u0440\u0438\u043e\u0434 \u0441 2014 \u043f\u043e 2020 \u0433\u0433<\/a><\/p>\n<p><a href=\"https:\/\/www.balticloop.eu\/wp-content\/uploads\/2021\/01\/Baltic-Loop-Baltijas-transporta-loks.pdf\" rel=\"attachment wp-att-5340\">Baltic Loop &#8211; Baltijas transporta loks<\/a><\/p>\n<p><a href=\"https:\/\/www.balticloop.eu\/wp-content\/uploads\/2021\/01\/Ilgtspejiga-pilsetu-mobilitate-Eiropas-Savieniba.pdf\" rel=\"attachment wp-att-5341\">Ilgtsp\u0113j\u012bga pils\u0113tu mobilit\u0101te Eiropas Savien\u012bb\u0101<\/a> <a href=\"https:\/\/www.balticloop.eu\/wp-content\/uploads\/2021\/01\/National-Development-Plan-of-Latvia-2014-2020.pdf\" rel=\"attachment wp-att-5342\">National Development Plan of Latvia 2014-2020<\/a><\/p>\n<p>[\/et_pb_accordion_item][et_pb_accordion_item title=&#8221;Re\u0123ion\u0101l\u0101 l\u012bmen\u012b&#8221; open=&#8221;off&#8221; _builder_version=&#8221;4.7.7&#8243; _module_preset=&#8221;default&#8221; hover_enabled=&#8221;0&#8243; sticky_enabled=&#8221;0&#8243;]<\/p>\n<p><a href=\"https:\/\/www.balticloop.eu\/wp-content\/uploads\/2021\/01\/Vidzeme_regional_mobility_investment_plan_2030_Latvian_language.pdf\" rel=\"attachment wp-att-5343\">Vidzeme_regional_mobility_investment_plan_2030_(Latvian_language)<\/a><\/p>\n<p><a href=\"https:\/\/www.balticloop.eu\/wp-content\/uploads\/2021\/01\/Zemgales-planosanas-regiona-lauku-teritorijas-mobilitates-plans.pdf\" rel=\"attachment wp-att-5344\">Zemgales pl\u0101no\u0161anas re\u0123iona lauku teritorijas mobilit\u0101tes pl\u0101ns<\/a><\/p>\n<p><a href=\"https:\/\/www.balticloop.eu\/wp-content\/uploads\/2021\/01\/Kurzemes-transporta-organizacijas-un-parvaldibas-strategija.doc\" rel=\"attachment wp-att-5345\">Kurzemes transporta organiz\u0101cijas un p\u0101rvald\u012bbas strat\u0113\u0123ija<\/a><\/p>\n<p><a href=\"https:\/\/www.balticloop.eu\/wp-content\/uploads\/2021\/01\/Regionalas-politikas-pamatnostadnes-2027-\u2013-atbalsts-mobilitatei.pptx\" rel=\"attachment wp-att-5346\">Re\u0123ion\u0101l\u0101s politikas pamatnost\u0101dnes 2027 \u2013 atbalsts mobilit\u0101tei<\/a><\/p>\n<p>[\/et_pb_accordion_item][et_pb_accordion_item title=&#8221;Pa\u0161vald\u012bbu l\u012bmen\u012b&#8221; _builder_version=&#8221;4.7.7&#8243; _module_preset=&#8221;default&#8221; link_option_url=&#8221;https:\/\/www.balticloop.eu\/index.php\/platform\/lv\/documents\/?et_fb=1&#038;PageSpeed=off&#8221; open=&#8221;off&#8221;]<\/p>\n<p><a href=\"https:\/\/www.balticloop.eu\/wp-content\/uploads\/2021\/01\/Rigas-istermina-mobilitates-ricibas-plans-novertejums.pdf\" rel=\"attachment wp-att-5326\">R\u012bgas \u012bstermi\u0146a mobilit\u0101tes r\u012bc\u012bbas pl\u0101ns &#8211; nov\u0113rt\u0113jums<\/a><\/p>\n<p><a href=\"https:\/\/www.balticloop.eu\/wp-content\/uploads\/2021\/01\/Rigas-metropoles-areala-mobilitates-telpiska-vizija.pdf\" rel=\"attachment wp-att-5330\">R\u012bgas metropoles are\u0101la mobilit\u0101tes telpisk\u0101 v\u012bzija<\/a><\/p>\n<p><a href=\"https:\/\/www.balticloop.eu\/wp-content\/uploads\/2021\/01\/Rigas-transporta-sistemas-ilgstpejigas-mobiltates-ricibas-programma.pdf\" rel=\"attachment wp-att-5331\">R\u012bgas transporta sist\u0113mas ilgstp\u0113j\u012bgas mobilt\u0101tes r\u012bc\u012bbas programma<\/a><\/p>\n<p>[\/et_pb_accordion_item][\/et_pb_accordion][\/et_pb_column][et_pb_column type=&#8221;1_4&#8243; _builder_version=&#8221;4.0.2&#8243;][et_pb_sidebar orientation=&#8221;right&#8221; area=&#8221;et_pb_widget_area_1&#8243; _builder_version=&#8221;4.0.2&#8243;][\/et_pb_sidebar][\/et_pb_column][\/et_pb_row][\/et_pb_section]<\/p>\n","protected":false},"excerpt":{"rendered":"<p>[et_pb_section fb_built=&#8221;1&#8243; _builder_version=&#8221;4.0.2&#8243; background_color=&#8221;#0c71c3&#8243; min_height=&#8221;136px&#8221; custom_padding=&#8221;0px||0px|||&#8221;][et_pb_row column_structure=&#8221;1_3,2_3&#8243; _builder_version=&#8221;4.0.2&#8243; use_background_color_gradient=&#8221;on&#8221; background_color_gradient_start=&#8221;#00618e&#8221; background_color_gradient_end=&#8221;#071d9b&#8221; width=&#8221;100%&#8221; custom_padding=&#8221;0px||0px|||&#8221;][et_pb_column type=&#8221;1_3&#8243; _builder_version=&#8221;4.0.2&#8243;][et_pb_image src=&#8221;https:\/\/www.balticloop.eu\/wp-content\/uploads\/2019\/12\/baltic_loop_512.png&#8221; align=&#8221;center&#8221; _builder_version=&#8221;4.0.2&#8243; max_height=&#8221;125px&#8221; custom_margin=&#8221;||||false|false&#8221;][\/et_pb_image][\/et_pb_column][et_pb_column type=&#8221;2_3&#8243; _builder_version=&#8221;4.0.2&#8243;][et_pb_menu menu_id=&#8221;14&#8243; active_link_color=&#8221;#ffffff&#8221; cart_icon_color=&#8221;#ffffff&#8221; search_icon_color=&#8221;#ffffff&#8221; menu_icon_color=&#8221;#ffffff&#8221; _builder_version=&#8221;4.0.2&#8243; menu_font=&#8221;|600|||||||&#8221; menu_font_size=&#8221;22px&#8221; [&hellip;]<\/p>\n","protected":false},"author":8,"featured_media":0,"parent":1292,"menu_order":0,"comment_status":"closed","ping_status":"closed","template":"","meta":{"_et_pb_use_builder":"on","_et_pb_old_content":"","_et_gb_content_width":"","_EventAllDay":false,"_EventTimezone":"","_EventStartDate":"","_EventEndDate":"","_EventStartDateUTC":"","_EventEndDateUTC":"","_EventShowMap":false,"_EventShowMapLink":false,"_EventURL":"","_EventCost":"","_EventCostDescription":"","_EventCurrencySymbol":"","_EventCurrencyPosition":"","_EventDateTimeSeparator":"","_EventTimeRangeSeparator":"","_EventOrganizerID":[],"_EventVenueID":0,"_OrganizerEmail":"","_OrganizerPhone":"","_OrganizerWebsite":"","_VenueAddress":"","_VenueCity":"","_VenueCountry":"","_VenueProvince":"","_VenueZip":"","_VenuePhone":"","_VenueURL":"","_VenueStateProvince":"","_VenueLat":"","_VenueLng":""},"_links":{"self":[{"href":"https:\/\/www.balticloop.eu\/index.php\/wp-json\/wp\/v2\/pages\/1295"}],"collection":[{"href":"https:\/\/www.balticloop.eu\/index.php\/wp-json\/wp\/v2\/pages"}],"about":[{"href":"https:\/\/www.balticloop.eu\/index.php\/wp-json\/wp\/v2\/types\/page"}],"author":[{"embeddable":true,"href":"https:\/\/www.balticloop.eu\/index.php\/wp-json\/wp\/v2\/users\/8"}],"replies":[{"embeddable":true,"href":"https:\/\/www.balticloop.eu\/index.php\/wp-json\/wp\/v2\/comments?post=1295"}],"version-history":[{"count":8,"href":"https:\/\/www.balticloop.eu\/index.php\/wp-json\/wp\/v2\/pages\/1295\/revisions"}],"predecessor-version":[{"id":5347,"href":"https:\/\/www.balticloop.eu\/index.php\/wp-json\/wp\/v2\/pages\/1295\/revisions\/5347"}],"up":[{"embeddable":true,"href":"https:\/\/www.balticloop.eu\/index.php\/wp-json\/wp\/v2\/pages\/1292"}],"wp:attachment":[{"href":"https:\/\/www.balticloop.eu\/index.php\/wp-json\/wp\/v2\/media?parent=1295"}],"curies":[{"name":"wp","href":"https:\/\/api.w.org\/{rel}","templated":true}]}}