{"id":1288,"date":"2020-11-30T12:47:48","date_gmt":"2020-11-30T12:47:48","guid":{"rendered":"https:\/\/www.balticloop.eu\/?page_id=1288"},"modified":"2021-01-18T11:47:51","modified_gmt":"2021-01-18T11:47:51","slug":"news","status":"publish","type":"page","link":"https:\/\/www.balticloop.eu\/index.php\/platform\/lv\/news\/","title":{"rendered":"News"},"content":{"rendered":"<p>[et_pb_section fb_built=&#8221;1&#8243; _builder_version=&#8221;4.0.2&#8243; background_color=&#8221;#0c71c3&#8243; min_height=&#8221;136px&#8221; custom_padding=&#8221;0px||0px|||&#8221;][et_pb_row column_structure=&#8221;1_3,2_3&#8243; _builder_version=&#8221;4.0.2&#8243; use_background_color_gradient=&#8221;on&#8221; background_color_gradient_start=&#8221;#00618e&#8221; background_color_gradient_end=&#8221;#071d9b&#8221; width=&#8221;100%&#8221; custom_padding=&#8221;0px||0px|||&#8221;][et_pb_column type=&#8221;1_3&#8243; _builder_version=&#8221;4.0.2&#8243;][et_pb_image src=&#8221;https:\/\/www.balticloop.eu\/wp-content\/uploads\/2019\/12\/baltic_loop_512.png&#8221; align=&#8221;center&#8221; _builder_version=&#8221;4.0.2&#8243; max_height=&#8221;125px&#8221; custom_margin=&#8221;||||false|false&#8221;][\/et_pb_image][\/et_pb_column][et_pb_column type=&#8221;2_3&#8243; _builder_version=&#8221;4.0.2&#8243;][et_pb_menu menu_id=&#8221;14&#8243; active_link_color=&#8221;#ffffff&#8221; cart_icon_color=&#8221;#ffffff&#8221; search_icon_color=&#8221;#ffffff&#8221; menu_icon_color=&#8221;#ffffff&#8221; _builder_version=&#8221;4.0.2&#8243; menu_font=&#8221;|600|||||||&#8221; menu_font_size=&#8221;22px&#8221; background_color=&#8221;rgba(0,0,0,0)&#8221; background_layout=&#8221;dark&#8221; custom_css_menu_link=&#8221;border-right: 1px solid #000;||padding: 0.5em 1em 0.75em 0;&#8221; border_width_right=&#8221;3px&#8221; border_color_right=&#8221;#000000&#8243;][\/et_pb_menu][\/et_pb_column][\/et_pb_row][et_pb_row column_structure=&#8221;1_3,2_3&#8243; _builder_version=&#8221;4.0.2&#8243; background_color=&#8221;#ffffff&#8221; width=&#8221;100%&#8221; custom_padding=&#8221;0px||0px|||&#8221;][et_pb_column type=&#8221;1_3&#8243; _builder_version=&#8221;4.0.2&#8243;][\/et_pb_column][et_pb_column type=&#8221;2_3&#8243; _builder_version=&#8221;4.0.2&#8243;][et_pb_menu menu_id=&#8221;16&#8243; cart_icon_color=&#8221;#ffffff&#8221; search_icon_color=&#8221;#ffffff&#8221; menu_icon_color=&#8221;#ffffff&#8221; _builder_version=&#8221;4.0.2&#8243; menu_font=&#8221;|700|||||||&#8221; menu_font_size=&#8221;16px&#8221; background_color=&#8221;#e0e0e0&#8243; transform_translate=&#8221;0px|-70px&#8221; transform_translate_linked=&#8221;off&#8221; custom_padding=&#8221;7px||5px||false|false&#8221; custom_css_before=&#8221;content: %22%22;||position: absolute;||height: 0;||width: 0;||top: 0;||left: -3em;||border-right: 1.5em solid #e0e0e0;||border-bottom: 1.5em solid #e0e0e0;||||border-top: 1.5em solid transparent;||border-left: 1.5em solid transparent;&#8221; custom_css_after=&#8221;content: %22%22;||position: absolute;||width:\t100%;||width: calc(100% + 5em);||height: 2em;||background: #fff;||top: 100%;||left: -4em;||transform: skew(-45deg);&#8221; border_color_all=&#8221;rgba(0,0,0,0)&#8221; border_color_right=&#8221;#000000&#8243;][\/et_pb_menu][\/et_pb_column][\/et_pb_row][\/et_pb_section][et_pb_section fb_built=&#8221;1&#8243; module_class=&#8221;blue-link&#8221; _builder_version=&#8221;4.0.2&#8243; custom_padding=&#8221;0px|||||&#8221;][et_pb_row column_structure=&#8221;3_4,1_4&#8243; _builder_version=&#8221;4.7.4&#8243; width=&#8221;95%&#8221; module_alignment=&#8221;center&#8221;][et_pb_column type=&#8221;3_4&#8243; _builder_version=&#8221;4.0.2&#8243;][et_pb_text _builder_version=&#8221;4.7.7&#8243; _module_preset=&#8221;default&#8221; hover_enabled=&#8221;0&#8243; sticky_enabled=&#8221;0&#8243;]<\/p>\n<div class=\"wp-rss-template-container\" data-wpra-template=\"default\" data-template-ctx=\"eyJzb3VyY2VzIjoiMTUwNywxNTMzLDE1MzgsIDUwNjIsIDUwNjcsIDUwNjMifQ==\">\n    <div class=\"wp-rss-aggregator wpra-list-template  \" data-page=\"1\">\n    \n    \n<ul class=\"wpra-item-list rss-aggregator wpra-item-list--bullets wpra-item-list--default\"\n    start=\"1\">\n                        <li class=\"wpra-item feed-item \">\n            \n            \n\n    <a  href=\"https:\/\/kurzemesregions.lv\/radosuma-kods-ka-musdienu-pedagogiem-risinat-ritdienas-izaicinajumus-izglitiba\/\" target=\"_blank\" rel=\"nofollow\" class=\"\">Rado\u0161uma kods: k\u0101 m\u016bsdienu pedagogiem risin\u0101t r\u012btdienas izaicin\u0101jumus izgl\u012bt\u012bb\u0101<\/a>\n\n\n\n\n<div class=\"wprss-feed-meta\">\n            <span class=\"feed-source\">\n            \n\n                            Kurzemes re\u0123ions\n                    <\/span>\n    \n            <span class=\"feed-date\">\n             2026-04-28\n        <\/span>\n    \n    <\/div>\n\n            \n        <\/li>\n                    <li class=\"wpra-item feed-item \">\n            \n            \n\n    <a  href=\"https:\/\/kurzemesregions.lv\/likumi-lv-vienuviet-pieejami-visu-pasvaldibu-saistosie-noteikumi\/\" target=\"_blank\" rel=\"nofollow\" class=\"\">Likumi.lv: vienuviet pieejami visu pa\u0161vald\u012bbu saisto\u0161ie noteikumi<\/a>\n\n\n\n\n<div class=\"wprss-feed-meta\">\n            <span class=\"feed-source\">\n            \n\n                            Kurzemes re\u0123ions\n                    <\/span>\n    \n            <span class=\"feed-date\">\n             2026-04-28\n        <\/span>\n    \n    <\/div>\n\n            \n        <\/li>\n                    <li class=\"wpra-item feed-item \">\n            \n            \n\n    <a  href=\"https:\/\/uzladets.lv\/porsche-svin-75-gadus-autosporta-vesture-majas-e-prix-sacikstes-berline\/\" target=\"_blank\" rel=\"nofollow\" class=\"\">Porsche svin 75 gadus autosporta v\u0113stur\u0113 m\u0101jas E-Prix sac\u012bkst\u0113s Berl\u012bn\u0113<\/a>\n\n\n\n\n<div class=\"wprss-feed-meta\">\n            <span class=\"feed-source\">\n            \n\n                            Uzl\u0101d\u0113ts\n                    <\/span>\n    \n            <span class=\"feed-date\">\n             2026-04-28\n        <\/span>\n    \n    <\/div>\n\n            \n        <\/li>\n                    <li class=\"wpra-item feed-item \">\n            \n            \n\n    <a  href=\"https:\/\/uzladets.lv\/renault-4-e-tech-electric-tagad-ir-pieejams-ar-atveramo-jumtu\/\" target=\"_blank\" rel=\"nofollow\" class=\"\">Renault 4 E-Tech Electric tagad ir pieejams ar atveramo jumtu<\/a>\n\n\n\n\n<div class=\"wprss-feed-meta\">\n            <span class=\"feed-source\">\n            \n\n                            Uzl\u0101d\u0113ts\n                    <\/span>\n    \n            <span class=\"feed-date\">\n             2026-04-28\n        <\/span>\n    \n    <\/div>\n\n            \n        <\/li>\n                    <li class=\"wpra-item feed-item \">\n            \n            \n\n    <a  href=\"https:\/\/kurzemesregions.lv\/nva-aicina-nodarbinatos-pilnveidot-prasmes-muzizglitibas-programmas\/\" target=\"_blank\" rel=\"nofollow\" class=\"\">NVA aicina nodarbin\u0101tos pilnveidot prasmes m\u016b\u017eizgl\u012bt\u012bbas programm\u0101s<\/a>\n\n\n\n\n<div class=\"wprss-feed-meta\">\n            <span class=\"feed-source\">\n            \n\n                            Kurzemes re\u0123ions\n                    <\/span>\n    \n            <span class=\"feed-date\">\n             2026-04-28\n        <\/span>\n    \n    <\/div>\n\n            \n        <\/li>\n                    <li class=\"wpra-item feed-item \">\n            \n            \n\n    <a  href=\"https:\/\/uzladets.lv\/porsche-paplasina-savu-suv-klastu-ar-jauno-cayenne-coupe-electric\/\" target=\"_blank\" rel=\"nofollow\" class=\"\">\u201cPorsche\u201d papla\u0161ina savu SUV kl\u0101stu ar jauno \u201cCayenne Coup\u00e9 Electric\u201d<\/a>\n\n\n\n\n<div class=\"wprss-feed-meta\">\n            <span class=\"feed-source\">\n            \n\n                            Uzl\u0101d\u0113ts\n                    <\/span>\n    \n            <span class=\"feed-date\">\n             2026-04-25\n        <\/span>\n    \n    <\/div>\n\n            \n        <\/li>\n                    <li class=\"wpra-item feed-item \">\n            \n            \n\n    <a  href=\"https:\/\/lpr.gov.lv\/lv\/2026\/atd-ar-iub-parruna-jautajumu-par-noslegto-ilgtermina-ligumu-indeksacijas-mainu\/\" target=\"_blank\" rel=\"nofollow\" class=\"\">ATD ar IUB p\u0101rrun\u0101 jaut\u0101jumu par nosl\u0113gto ilgtermi\u0146a l\u012bgumu indeks\u0101cijas mai\u0146u<\/a>\n\n\n\n\n<div class=\"wprss-feed-meta\">\n            <span class=\"feed-source\">\n            \n\n                            Latgales pl\u0101no\u0161anas re\u0123ions transports\n                    <\/span>\n    \n            <span class=\"feed-date\">\n             2026-04-21\n        <\/span>\n    \n    <\/div>\n\n            \n        <\/li>\n                    <li class=\"wpra-item feed-item \">\n            \n            \n\n    <a  href=\"https:\/\/lpr.gov.lv\/lv\/2026\/atd-valsts-dotetais-regionala-sabiedriska-transporta-marsruta-tikls-turpinas-darboties-bez-izmainam\/\" target=\"_blank\" rel=\"nofollow\" class=\"\">ATD: valsts dot\u0113tais re\u0123ion\u0101l\u0101 sabiedrisk\u0101 transporta mar\u0161ruta t\u012bkls turpin\u0101s darboties bez izmai\u0146\u0101m<\/a>\n\n\n\n\n<div class=\"wprss-feed-meta\">\n            <span class=\"feed-source\">\n            \n\n                            Latgales pl\u0101no\u0161anas re\u0123ions transports\n                    <\/span>\n    \n            <span class=\"feed-date\">\n             2026-04-09\n        <\/span>\n    \n    <\/div>\n\n            \n        <\/li>\n                    <li class=\"wpra-item feed-item \">\n            \n            \n\n    <a  href=\"https:\/\/lpr.gov.lv\/lv\/2026\/stp-apstiprinajusi-atd-sagatavoto-zinojumu-par-kompensaciju-izmaksu-komercmarsrutu-parvadatajiem\/\" target=\"_blank\" rel=\"nofollow\" class=\"\">STP apstiprin\u0101jusi ATD sagatavoto zi\u0146ojumu par kompens\u0101ciju izmaksu komercmar\u0161rutu p\u0101rvad\u0101t\u0101jiem<\/a>\n\n\n\n\n<div class=\"wprss-feed-meta\">\n            <span class=\"feed-source\">\n            \n\n                            Latgales pl\u0101no\u0161anas re\u0123ions transports\n                    <\/span>\n    \n            <span class=\"feed-date\">\n             2026-04-01\n        <\/span>\n    \n    <\/div>\n\n            \n        <\/li>\n                    <li class=\"wpra-item feed-item \">\n            \n            \n\n    <a  href=\"http:\/\/www.videsvestis.lv\/ko-darit-daugavmala-anitra-tooma-biedribas-daugavas-savieniba-atbalsts\/?utm_source=rss&amp;utm_medium=rss&amp;utm_campaign=ko-darit-daugavmala-anitra-tooma-biedribas-daugavas-savieniba-atbalsts\" target=\"_blank\" rel=\"nofollow\" class=\"\">KO DAR\u012aT DAUGAVMAL\u0100<\/a>\n\n\n\n\n<div class=\"wprss-feed-meta\">\n            <span class=\"feed-source\">\n            \n\n                            Vides v\u0113stis\n                    <\/span>\n    \n            <span class=\"feed-date\">\n             2021-12-27\n        <\/span>\n    \n    <\/div>\n\n            \n        <\/li>\n                    <li class=\"wpra-item feed-item \">\n            \n            \n\n    <a  href=\"http:\/\/www.videsvestis.lv\/zal%CC%A7a-zona-sarunas-45-serija-intervija-ar-reini-avenu\/?utm_source=rss&amp;utm_medium=rss&amp;utm_campaign=zal%25cc%25a7a-zona-sarunas-45-serija-intervija-ar-reini-avenu\" target=\"_blank\" rel=\"nofollow\" class=\"\">Zal\u0327a\u0304 zona. Sarunas. 45. se\u0304rija. Intervija ar Reini Avenu.<\/a>\n\n\n\n\n<div class=\"wprss-feed-meta\">\n            <span class=\"feed-source\">\n            \n\n                            Vides v\u0113stis\n                    <\/span>\n    \n            <span class=\"feed-date\">\n             2021-09-30\n        <\/span>\n    \n    <\/div>\n\n            \n        <\/li>\n                    <li class=\"wpra-item feed-item \">\n            \n            \n\n    <a  href=\"http:\/\/www.videsvestis.lv\/zal%CC%A7a-zona-sarunas-44-serija-intervija-ar-amandu-grinieci\/?utm_source=rss&amp;utm_medium=rss&amp;utm_campaign=zal%25cc%25a7a-zona-sarunas-44-serija-intervija-ar-amandu-grinieci\" target=\"_blank\" rel=\"nofollow\" class=\"\">Zal\u0327a\u0304 zona. Sarunas. 44. se\u0304rija. Intervija ar Amandu Grinieci.<\/a>\n\n\n\n\n<div class=\"wprss-feed-meta\">\n            <span class=\"feed-source\">\n            \n\n                            Vides v\u0113stis\n                    <\/span>\n    \n            <span class=\"feed-date\">\n             2021-09-30\n        <\/span>\n    \n    <\/div>\n\n            \n        <\/li>\n                    <li class=\"wpra-item feed-item \">\n            \n            \n\n    <a  href=\"http:\/\/212.70.163.154\/satmin\/content\/?cat=8&amp;art_id=9559\" target=\"_blank\" rel=\"nofollow\" class=\"\">Inform\u0101cija par satiksmes ministra at\u013cauju izsnieg\u0161anu pasa\u017eieru p\u0101rvad\u0101jumu veik\u0161anai<\/a>\n\n\n\n\n<div class=\"wprss-feed-meta\">\n            <span class=\"feed-source\">\n            \n\n                            Satiksmes ministrija\n                    <\/span>\n    \n            <span class=\"feed-date\">\n             2020-05-13\n        <\/span>\n    \n    <\/div>\n\n            \n        <\/li>\n                    <li class=\"wpra-item feed-item \">\n            \n            \n\n    <a  href=\"http:\/\/212.70.163.154\/satmin\/content\/?cat=8&amp;art_id=9550\" target=\"_blank\" rel=\"nofollow\" class=\"\">Anketas, kuras j\u0101paraksta, ierodoties Latvij\u0101,  un j\u0101iesniedz LV robe\u017esardzei<\/a>\n\n\n\n\n<div class=\"wprss-feed-meta\">\n            <span class=\"feed-source\">\n            \n\n                            Satiksmes ministrija\n                    <\/span>\n    \n            <span class=\"feed-date\">\n             2020-03-25\n        <\/span>\n    \n    <\/div>\n\n            \n        <\/li>\n                    <li class=\"wpra-item feed-item \">\n            \n            \n\n    <a  href=\"http:\/\/212.70.163.154\/satmin\/content\/?cat=8&amp;art_id=7848\" target=\"_blank\" rel=\"nofollow\" class=\"\">Satiksmes ministrs atzin\u012bgi nov\u0113rt\u0113 paveikto Rail Baltica projekta realiz\u0113\u0161an\u0101<\/a>\n\n\n\n\n<div class=\"wprss-feed-meta\">\n            <span class=\"feed-source\">\n            \n\n                            Satiksmes ministrija\n                    <\/span>\n    \n            <span class=\"feed-date\">\n             2018-03-26\n        <\/span>\n    \n    <\/div>\n\n            \n        <\/li>\n        <\/ul>\n\n        \n<\/div>\n\n<\/div>\n\n<p>[\/et_pb_text][\/et_pb_column][et_pb_column type=&#8221;1_4&#8243; _builder_version=&#8221;4.0.2&#8243;][et_pb_sidebar orientation=&#8221;right&#8221; area=&#8221;et_pb_widget_area_1&#8243; _builder_version=&#8221;4.0.2&#8243;][\/et_pb_sidebar][\/et_pb_column][\/et_pb_row][\/et_pb_section]<\/p>\n","protected":false},"excerpt":{"rendered":"<p>[et_pb_section fb_built=&#8221;1&#8243; _builder_version=&#8221;4.0.2&#8243; background_color=&#8221;#0c71c3&#8243; min_height=&#8221;136px&#8221; custom_padding=&#8221;0px||0px|||&#8221;][et_pb_row column_structure=&#8221;1_3,2_3&#8243; _builder_version=&#8221;4.0.2&#8243; use_background_color_gradient=&#8221;on&#8221; background_color_gradient_start=&#8221;#00618e&#8221; background_color_gradient_end=&#8221;#071d9b&#8221; width=&#8221;100%&#8221; custom_padding=&#8221;0px||0px|||&#8221;][et_pb_column type=&#8221;1_3&#8243; _builder_version=&#8221;4.0.2&#8243;][et_pb_image src=&#8221;https:\/\/www.balticloop.eu\/wp-content\/uploads\/2019\/12\/baltic_loop_512.png&#8221; align=&#8221;center&#8221; _builder_version=&#8221;4.0.2&#8243; max_height=&#8221;125px&#8221; custom_margin=&#8221;||||false|false&#8221;][\/et_pb_image][\/et_pb_column][et_pb_column type=&#8221;2_3&#8243; _builder_version=&#8221;4.0.2&#8243;][et_pb_menu menu_id=&#8221;14&#8243; active_link_color=&#8221;#ffffff&#8221; cart_icon_color=&#8221;#ffffff&#8221; search_icon_color=&#8221;#ffffff&#8221; menu_icon_color=&#8221;#ffffff&#8221; _builder_version=&#8221;4.0.2&#8243; menu_font=&#8221;|600|||||||&#8221; menu_font_size=&#8221;22px&#8221; [&hellip;]<\/p>\n","protected":false},"author":8,"featured_media":0,"parent":1292,"menu_order":0,"comment_status":"closed","ping_status":"closed","template":"","meta":{"_et_pb_use_builder":"on","_et_pb_old_content":"","_et_gb_content_width":"","_EventAllDay":false,"_EventTimezone":"","_EventStartDate":"","_EventEndDate":"","_EventStartDateUTC":"","_EventEndDateUTC":"","_EventShowMap":false,"_EventShowMapLink":false,"_EventURL":"","_EventCost":"","_EventCostDescription":"","_EventCurrencySymbol":"","_EventCurrencyPosition":"","_EventDateTimeSeparator":"","_EventTimeRangeSeparator":"","_EventOrganizerID":[],"_EventVenueID":0,"_OrganizerEmail":"","_OrganizerPhone":"","_OrganizerWebsite":"","_VenueAddress":"","_VenueCity":"","_VenueCountry":"","_VenueProvince":"","_VenueZip":"","_VenuePhone":"","_VenueURL":"","_VenueStateProvince":"","_VenueLat":"","_VenueLng":""},"_links":{"self":[{"href":"https:\/\/www.balticloop.eu\/index.php\/wp-json\/wp\/v2\/pages\/1288"}],"collection":[{"href":"https:\/\/www.balticloop.eu\/index.php\/wp-json\/wp\/v2\/pages"}],"about":[{"href":"https:\/\/www.balticloop.eu\/index.php\/wp-json\/wp\/v2\/types\/page"}],"author":[{"embeddable":true,"href":"https:\/\/www.balticloop.eu\/index.php\/wp-json\/wp\/v2\/users\/8"}],"replies":[{"embeddable":true,"href":"https:\/\/www.balticloop.eu\/index.php\/wp-json\/wp\/v2\/comments?post=1288"}],"version-history":[{"count":11,"href":"https:\/\/www.balticloop.eu\/index.php\/wp-json\/wp\/v2\/pages\/1288\/revisions"}],"predecessor-version":[{"id":5088,"href":"https:\/\/www.balticloop.eu\/index.php\/wp-json\/wp\/v2\/pages\/1288\/revisions\/5088"}],"up":[{"embeddable":true,"href":"https:\/\/www.balticloop.eu\/index.php\/wp-json\/wp\/v2\/pages\/1292"}],"wp:attachment":[{"href":"https:\/\/www.balticloop.eu\/index.php\/wp-json\/wp\/v2\/media?parent=1288"}],"curies":[{"name":"wp","href":"https:\/\/api.w.org\/{rel}","templated":true}]}}