{"id":1227,"date":"2020-11-30T12:06:59","date_gmt":"2020-11-30T12:06:59","guid":{"rendered":"https:\/\/www.balticloop.eu\/?page_id=1227"},"modified":"2021-01-21T11:11:52","modified_gmt":"2021-01-21T11:11:52","slug":"platform","status":"publish","type":"page","link":"https:\/\/www.balticloop.eu\/index.php\/platform\/","title":{"rendered":"Platform Home (LV)"},"content":{"rendered":"<p>[et_pb_section fb_built=&#8221;1&#8243; _builder_version=&#8221;4.0.2&#8243; background_color=&#8221;#0c71c3&#8243; min_height=&#8221;136px&#8221; custom_padding=&#8221;0px||0px|||&#8221;][et_pb_row column_structure=&#8221;1_3,2_3&#8243; _builder_version=&#8221;4.0.2&#8243; use_background_color_gradient=&#8221;on&#8221; background_color_gradient_start=&#8221;#00618e&#8221; background_color_gradient_end=&#8221;#071d9b&#8221; width=&#8221;100%&#8221; custom_padding=&#8221;0px||0px|||&#8221;][et_pb_column type=&#8221;1_3&#8243; _builder_version=&#8221;4.0.2&#8243;][et_pb_image src=&#8221;https:\/\/www.balticloop.eu\/wp-content\/uploads\/2019\/12\/baltic_loop_512.png&#8221; align=&#8221;center&#8221; _builder_version=&#8221;4.0.2&#8243; max_height=&#8221;125px&#8221; custom_margin=&#8221;||||false|false&#8221;][\/et_pb_image][\/et_pb_column][et_pb_column type=&#8221;2_3&#8243; _builder_version=&#8221;4.0.2&#8243;][et_pb_menu menu_id=&#8221;14&#8243; active_link_color=&#8221;#ffffff&#8221; cart_icon_color=&#8221;#ffffff&#8221; search_icon_color=&#8221;#ffffff&#8221; menu_icon_color=&#8221;#ffffff&#8221; _builder_version=&#8221;4.0.2&#8243; menu_font=&#8221;|600|||||||&#8221; menu_font_size=&#8221;22px&#8221; background_color=&#8221;rgba(0,0,0,0)&#8221; background_layout=&#8221;dark&#8221; custom_css_menu_link=&#8221;border-right: 1px solid #000;||padding: 0.5em 1em 0.75em 0;&#8221; border_width_right=&#8221;3px&#8221; border_color_right=&#8221;#000000&#8243;][\/et_pb_menu][\/et_pb_column][\/et_pb_row][et_pb_row column_structure=&#8221;1_3,2_3&#8243; _builder_version=&#8221;4.0.2&#8243; background_color=&#8221;#ffffff&#8221; width=&#8221;100%&#8221; custom_padding=&#8221;0px||0px|||&#8221;][et_pb_column type=&#8221;1_3&#8243; _builder_version=&#8221;4.0.2&#8243; filter_opacity=&#8221;0%&#8221;][\/et_pb_column][et_pb_column type=&#8221;2_3&#8243; _builder_version=&#8221;4.0.2&#8243;][et_pb_menu menu_id=&#8221;16&#8243; cart_icon_color=&#8221;#ffffff&#8221; search_icon_color=&#8221;#ffffff&#8221; menu_icon_color=&#8221;#ffffff&#8221; module_class=&#8221;custom-menu lv&#8221; _builder_version=&#8221;4.0.2&#8243; menu_font=&#8221;|700|||||||&#8221; menu_font_size=&#8221;16px&#8221; background_color=&#8221;#e0e0e0&#8243; transform_translate=&#8221;0px|-70px&#8221; transform_translate_linked=&#8221;off&#8221; custom_padding=&#8221;7px||5px||false|false&#8221; custom_css_before=&#8221;content: %22%22;||position: absolute;||height: 0;||width: 0;||top: 0;||left: -3em;||border-right: 1.5em solid #e0e0e0;||border-bottom: 1.5em solid #e0e0e0;||||border-top: 1.5em solid transparent;||border-left: 1.5em solid transparent;&#8221; custom_css_after=&#8221;content: %22%22;||position: absolute;||width:\t100%;||width: calc(100% + 5em);||height: 2em;||background: #fff;||top: 100%;||left: -4em;||transform: skew(-45deg);&#8221; border_color_all=&#8221;rgba(0,0,0,0)&#8221; border_color_right=&#8221;#000000&#8243;][\/et_pb_menu][\/et_pb_column][\/et_pb_row][\/et_pb_section][et_pb_section fb_built=&#8221;1&#8243; module_class=&#8221;blue-link&#8221; _builder_version=&#8221;4.0.2&#8243; custom_padding=&#8221;0px|||||&#8221;][et_pb_row column_structure=&#8221;3_4,1_4&#8243; _builder_version=&#8221;4.7.4&#8243; width=&#8221;95%&#8221; module_alignment=&#8221;center&#8221;][et_pb_column type=&#8221;3_4&#8243; _builder_version=&#8221;4.0.2&#8243;][et_pb_text _builder_version=&#8221;4.7.7&#8243; hover_enabled=&#8221;0&#8243; sticky_enabled=&#8221;0&#8243;]<\/p>\n<p style=\"text-align: justify;\"><strong>Baltic Loop platforma.<\/strong><\/p>\n<p style=\"text-align: justify;\">Projekts Baltic Loop koncentr\u0113jas uz risin\u0101jumiem, kas uzlabo cilv\u0113ku un pre\u010du transporta pl\u016bsmu tr\u012bs izv\u0113l\u0113tos koridoros Rietumu-Austrumu virzien\u0101 (Zieme\u013cu, Vidus un Dienvidu) Centr\u0101l\u0101 Baltijas re\u0123ion\u0101, proti, \u00d6rebro-Turku \/ Tallina \/ R\u012bga &#8211; Sanktp\u0113terburga.<\/p>\n<p style=\"text-align: justify;\">Galvenais projekta m\u0113r\u0137is ir samazin\u0101t transportu p\u0101rvieto\u0161an\u0101s laiku koridoros, t\u0101dej\u0101di samazinot CO2 izpl\u016bdes g\u0101zes.Satiksmes koridoru att\u012bst\u012b\u0161ana padar\u012bs koridorus daudz pievilc\u012bg\u0101kus jauniem dar\u012bjumiem un inov\u0101cij\u0101m.<\/p>\n<p style=\"text-align: justify;\">Baltic Loop ir Interreg Central Baltic programmas projekts, kas tiek realiz\u0113ts no 2019. gada apr\u012b\u013ca l\u012bdz 2021. gada j\u016bnijam. Taj\u0101 ir 7 partneri no 4 valst\u012bm: Somijas, Igaunijas, Latvijas, Zviedrijas. Baltic Loop bud\u017eets ir 1,98 miljoni eiro.<\/p>\n<p style=\"text-align: justify;\">\u0160aj\u0101 platform\u0101 ir iesp\u0113jams atrast da\u017e\u0101dus satiksmes pl\u0101no\u0161anas dokumentus no Latvijas, Zviedrijas, Somijas, Igaunijas. Zi\u0146u sada\u013c\u0101 katru dienu ir apkopoti da\u017e\u0101di raksti par transporta nozari. \u012apa\u0161i izveidot\u0101 forum\u0101 ir iesp\u0113ja veidot diskusijas, sazin\u0101ties ar citiem transporta nozar\u0113 iesaist\u012btajiem un risin\u0101t aktu\u0101lus jaut\u0101jumus.<\/p>\n<p style=\"text-align: justify;\">Platformas m\u0113r\u0137is ir atvieglot komunik\u0101cijas un dokument\u0101cijas pieejam\u012bbu satiksmes nozares ieinteres\u0113taj\u0101m person\u0101m.<\/p>\n<p>[\/et_pb_text][\/et_pb_column][et_pb_column type=&#8221;1_4&#8243; _builder_version=&#8221;4.0.2&#8243;][et_pb_sidebar orientation=&#8221;right&#8221; area=&#8221;et_pb_widget_area_1&#8243; _builder_version=&#8221;4.0.2&#8243;][\/et_pb_sidebar][\/et_pb_column][\/et_pb_row][\/et_pb_section]<\/p>\n","protected":false},"excerpt":{"rendered":"<p>[et_pb_section fb_built=&#8221;1&#8243; _builder_version=&#8221;4.0.2&#8243; background_color=&#8221;#0c71c3&#8243; min_height=&#8221;136px&#8221; custom_padding=&#8221;0px||0px|||&#8221;][et_pb_row column_structure=&#8221;1_3,2_3&#8243; _builder_version=&#8221;4.0.2&#8243; use_background_color_gradient=&#8221;on&#8221; background_color_gradient_start=&#8221;#00618e&#8221; background_color_gradient_end=&#8221;#071d9b&#8221; width=&#8221;100%&#8221; custom_padding=&#8221;0px||0px|||&#8221;][et_pb_column type=&#8221;1_3&#8243; _builder_version=&#8221;4.0.2&#8243;][et_pb_image src=&#8221;https:\/\/www.balticloop.eu\/wp-content\/uploads\/2019\/12\/baltic_loop_512.png&#8221; align=&#8221;center&#8221; _builder_version=&#8221;4.0.2&#8243; max_height=&#8221;125px&#8221; custom_margin=&#8221;||||false|false&#8221;][\/et_pb_image][\/et_pb_column][et_pb_column type=&#8221;2_3&#8243; _builder_version=&#8221;4.0.2&#8243;][et_pb_menu menu_id=&#8221;14&#8243; active_link_color=&#8221;#ffffff&#8221; cart_icon_color=&#8221;#ffffff&#8221; search_icon_color=&#8221;#ffffff&#8221; menu_icon_color=&#8221;#ffffff&#8221; _builder_version=&#8221;4.0.2&#8243; menu_font=&#8221;|600|||||||&#8221; menu_font_size=&#8221;22px&#8221; [&hellip;]<\/p>\n","protected":false},"author":8,"featured_media":0,"parent":0,"menu_order":0,"comment_status":"closed","ping_status":"closed","template":"","meta":{"_et_pb_use_builder":"on","_et_pb_old_content":"","_et_gb_content_width":"","_EventAllDay":false,"_EventTimezone":"","_EventStartDate":"","_EventEndDate":"","_EventStartDateUTC":"","_EventEndDateUTC":"","_EventShowMap":false,"_EventShowMapLink":false,"_EventURL":"","_EventCost":"","_EventCostDescription":"","_EventCurrencySymbol":"","_EventCurrencyPosition":"","_EventDateTimeSeparator":"","_EventTimeRangeSeparator":"","_EventOrganizerID":[],"_EventVenueID":0,"_OrganizerEmail":"","_OrganizerPhone":"","_OrganizerWebsite":"","_VenueAddress":"","_VenueCity":"","_VenueCountry":"","_VenueProvince":"","_VenueZip":"","_VenuePhone":"","_VenueURL":"","_VenueStateProvince":"","_VenueLat":"","_VenueLng":""},"_links":{"self":[{"href":"https:\/\/www.balticloop.eu\/index.php\/wp-json\/wp\/v2\/pages\/1227"}],"collection":[{"href":"https:\/\/www.balticloop.eu\/index.php\/wp-json\/wp\/v2\/pages"}],"about":[{"href":"https:\/\/www.balticloop.eu\/index.php\/wp-json\/wp\/v2\/types\/page"}],"author":[{"embeddable":true,"href":"https:\/\/www.balticloop.eu\/index.php\/wp-json\/wp\/v2\/users\/8"}],"replies":[{"embeddable":true,"href":"https:\/\/www.balticloop.eu\/index.php\/wp-json\/wp\/v2\/comments?post=1227"}],"version-history":[{"count":38,"href":"https:\/\/www.balticloop.eu\/index.php\/wp-json\/wp\/v2\/pages\/1227\/revisions"}],"predecessor-version":[{"id":5350,"href":"https:\/\/www.balticloop.eu\/index.php\/wp-json\/wp\/v2\/pages\/1227\/revisions\/5350"}],"wp:attachment":[{"href":"https:\/\/www.balticloop.eu\/index.php\/wp-json\/wp\/v2\/media?parent=1227"}],"curies":[{"name":"wp","href":"https:\/\/api.w.org\/{rel}","templated":true}]}}